{"id":745,"date":"2023-12-11T14:01:10","date_gmt":"2023-12-11T13:01:10","guid":{"rendered":"https:\/\/mediationdev.eveha.fr\/?page_id=745"},"modified":"2024-09-30T15:36:55","modified_gmt":"2024-09-30T13:36:55","slug":"vous-avez-un-projet","status":"publish","type":"page","link":"https:\/\/mediation.eveha.fr\/index.php\/vous-avez-un-projet\/","title":{"rendered":"Vous avez un projet d&rsquo;EAC ?"},"content":{"rendered":"\n<p class=\"has-text-align-center wp-block-paragraph\">Tout au long de l&rsquo;ann\u00e9e, notre \u00e9quipe <strong>d\u00e9veloppe des projets d&rsquo;\u00e9ducation artistique et culturelle visant \u00e0 immerger les \u00e9l\u00e8ves (primaires, coll\u00e9giens et lyc\u00e9ens)<\/strong> dans le monde fascinant de l&rsquo;arch\u00e9ologie, tout en s&rsquo;alignant aux programmes \u00e9ducatifs des enseignants ou les projets des m\u00e9diateurs.<\/p>\n\n\n\n<div style=\"height:40px\" aria-hidden=\"true\" class=\"wp-block-spacer\"><\/div>\n\n\n\n<div class=\"wp-block-group alignfull has-background has-global-padding is-layout-constrained wp-block-group-is-layout-constrained\" style=\"background-color:#ebebeb\">\n<div class=\"wp-block-columns is-layout-flex wp-container-core-columns-is-layout-277d041e wp-block-columns-is-layout-flex\" style=\"padding-right:0;padding-left:0\">\n<div class=\"wp-block-column has-background is-layout-flow wp-container-core-column-is-layout-7b3442f1 wp-block-column-is-layout-flow\" style=\"background-color:#ebebeb\">\n<div style=\"height:40px\" aria-hidden=\"true\" class=\"wp-block-spacer\"><\/div>\n\n\n\n<h2 class=\"wp-block-heading has-contrast-color has-text-color has-link-color has-large-font-size wp-elements-1ea65b288fc7af66b792a743e4751794\"><strong>Construisons votre projet ensemble !<\/strong><\/h2>\n\n\n\n<div style=\"height:22px\" aria-hidden=\"true\" class=\"wp-block-spacer\"><\/div>\n\n\n\n<p class=\"wp-block-paragraph\"><strong>La coconstruction de projets p\u00e9dagogiques <\/strong>est un enjeu majeur dans le domaine de l&rsquo;\u00e9ducation. Cette approche collaborative pr\u00e9sente plusieurs avantages et contribue positivement au processus d&rsquo;enseignement et d&rsquo;apprentissage : <strong>innovation p\u00e9dagogique, partage d&rsquo;expertise, exp\u00e9rience \u00e9ducative en coh\u00e9rence avec le parcours \u00e9ducatif, etc.<\/strong> Dans cette optique, le p\u00f4le m\u00e9diation et communication d&rsquo;\u00c9veha est \u00e0 m\u00eame de proposer des ateliers p\u00e9dagogiques et des animations sur mesure afin de s\u2019adapter au mieux aux besoins des publics (\u00e9l\u00e8ves, jeunes adultes, etc.) et des enseignants ou des animateurs.<\/p>\n<\/div>\n\n\n\n<div class=\"wp-block-column has-background is-layout-flow wp-container-core-column-is-layout-7b3442f1 wp-block-column-is-layout-flow\" style=\"background-color:#ebebeb\">\n<div style=\"height:40px\" aria-hidden=\"true\" class=\"wp-block-spacer\"><\/div>\n\n\n\n<figure class=\"wp-block-image aligncenter size-full\"><img loading=\"lazy\" decoding=\"async\" width=\"767\" height=\"768\" src=\"https:\/\/mediation.eveha.fr\/wp-content\/uploads\/2024\/09\/Mediation1.resized.jpg\" alt=\"eveha mediation eac pass culture archeologie\" class=\"wp-image-3358\" srcset=\"https:\/\/mediation.eveha.fr\/wp-content\/uploads\/2024\/09\/Mediation1.resized.jpg 767w, https:\/\/mediation.eveha.fr\/wp-content\/uploads\/2024\/09\/Mediation1.resized-300x300.jpg 300w, https:\/\/mediation.eveha.fr\/wp-content\/uploads\/2024\/09\/Mediation1.resized-150x150.jpg 150w\" sizes=\"auto, (max-width: 767px) 100vw, 767px\" \/><\/figure>\n<\/div>\n<\/div>\n\n\n\n<div style=\"height:6px\" aria-hidden=\"true\" class=\"wp-block-spacer\"><\/div>\n<\/div>\n\n\n\n<div class=\"wp-block-group alignfull has-background has-global-padding is-layout-constrained wp-container-core-group-is-layout-8bb3fe53 wp-block-group-is-layout-constrained\" style=\"background-color:#d6d6d6;padding-top:var(--wp--preset--spacing--30);padding-bottom:var(--wp--preset--spacing--30)\">\n<h2 class=\"wp-block-heading has-text-align-center has-black-color has-text-color has-link-color has-large-font-size wp-elements-15aedf3b5b671dd2aeb526d6a5d2aa2f\"><strong>Nos  projets d&rsquo;EAC sur mesure<\/strong><\/h2>\n\n\n\n<div style=\"height:39px\" aria-hidden=\"true\" class=\"wp-block-spacer\"><\/div>\n\n\n\n<div class=\"wp-block-columns is-layout-flex wp-container-core-columns-is-layout-b91472e3 wp-block-columns-is-layout-flex\">\n<div class=\"wp-block-column is-layout-flow wp-block-column-is-layout-flow\">\n<div class=\"wp-block-group has-global-padding is-layout-constrained wp-block-group-is-layout-constrained\">\n<div class=\"wp-block-cover aligncenter is-light wp-duotone-grayscale\" style=\"border-style:none;border-width:0px;border-radius:0px;padding-top:0;padding-right:0;padding-bottom:0;padding-left:0;min-height:170px;aspect-ratio:unset;\"><span aria-hidden=\"true\" class=\"wp-block-cover__background has-background-dim-30 has-background-dim\" style=\"background-color:#938374\"><\/span><img loading=\"lazy\" decoding=\"async\" width=\"798\" height=\"600\" class=\"wp-block-cover__image-background wp-image-984\" alt=\"eveha mediation eac pass culture archeologie\" src=\"https:\/\/mediation.eveha.fr\/wp-content\/uploads\/2023\/12\/projet9.png\" data-object-fit=\"cover\"\/><div class=\"wp-block-cover__inner-container is-layout-flow wp-container-core-cover-is-layout-c06199db wp-block-cover-is-layout-flow\">\n<p class=\"has-text-align-center has-base-color has-text-color has-link-color has-large-font-size wp-elements-d68d6f1c8b21eceeebbb256614536f84 wp-block-paragraph\">Coll\u00e8ge Beaupeyrat<\/p>\n\n\n\n<div class=\"wp-block-buttons is-content-justification-center is-layout-flex wp-container-core-buttons-is-layout-5dcf8f27 wp-block-buttons-is-layout-flex\">\n<div class=\"wp-block-button\"><a class=\"wp-block-button__link has-base-color has-text-color has-background has-link-color wp-element-button\" href=\"..\/index.php\/dax-des-panneaux-pour-expliquer-les-fouilles-en-cours\/\" style=\"background-color:#78874b\"><strong><strong><strong>Dans le peau d&rsquo;un<\/strong><\/strong><\/strong><br><strong><strong><strong> dendrochronologue<\/strong><\/strong><\/strong><\/a><\/div>\n<\/div>\n<\/div><\/div>\n<\/div>\n<\/div>\n\n\n\n<div class=\"wp-block-column is-layout-flow wp-block-column-is-layout-flow\">\n<div class=\"wp-block-cover aligncenter is-light wp-duotone-grayscale\" style=\"margin-top:0;margin-bottom:0;padding-right:0;padding-left:0;min-height:170px;aspect-ratio:unset;\"><span aria-hidden=\"true\" class=\"wp-block-cover__background has-background-dim-30 has-background-dim\" style=\"background-color:#ad9983\"><\/span><img loading=\"lazy\" decoding=\"async\" width=\"1500\" height=\"2000\" class=\"wp-block-cover__image-background wp-image-2266\" alt=\"eveha mediation eac pass culture archeologie\" src=\"https:\/\/mediation.eveha.fr\/wp-content\/uploads\/2024\/03\/equipe_nolwenn.jpeg\" data-object-fit=\"cover\"\/><div class=\"wp-block-cover__inner-container is-layout-flow wp-container-core-cover-is-layout-ee0bb48b wp-block-cover-is-layout-flow\">\n<p class=\"has-text-align-center has-base-color has-text-color has-link-color has-large-font-size wp-elements-4d49b9ed6f268adeff9e348d01537c5b wp-block-paragraph\">Coll\u00e8ge Maurois<\/p>\n\n\n\n<div class=\"wp-block-buttons is-content-justification-center is-layout-flex wp-container-core-buttons-is-layout-75f1776e wp-block-buttons-is-layout-flex\">\n<div class=\"wp-block-button\"><a class=\"wp-block-button__link has-base-color has-text-color has-background has-link-color wp-element-button\" href=\"..\/index.php\/college-maurois\/\" style=\"background-color:#78874b\"><strong>L&rsquo;Odyss\u00e9e d&rsquo;Ulysse<\/strong><\/a><\/div>\n<\/div>\n<\/div><\/div>\n<\/div>\n<\/div>\n\n\n\n<div style=\"height:43px\" aria-hidden=\"true\" class=\"wp-block-spacer\"><\/div>\n\n\n\n<div class=\"wp-block-columns is-layout-flex wp-container-core-columns-is-layout-b91472e3 wp-block-columns-is-layout-flex\">\n<div class=\"wp-block-column is-layout-flow wp-block-column-is-layout-flow\">\n<div class=\"wp-block-cover aligncenter is-light wp-duotone-grayscale\" style=\"padding-right:0;padding-left:0;min-height:169px;aspect-ratio:unset;\"><span aria-hidden=\"true\" class=\"wp-block-cover__background has-background-dim-30 has-background-dim\" style=\"background-color:#957f6b\"><\/span><img loading=\"lazy\" decoding=\"async\" width=\"2200\" height=\"1467\" class=\"wp-block-cover__image-background wp-image-18\" alt=\"m\u00e9diation \u00c9veha\" src=\"https:\/\/mediation.eveha.fr\/wp-content\/uploads\/2023\/08\/DSCF2556.jpg\" data-object-fit=\"cover\"\/><div class=\"wp-block-cover__inner-container is-layout-flow wp-container-core-cover-is-layout-a6d29670 wp-block-cover-is-layout-flow\">\n<p class=\"has-text-align-center has-base-color has-text-color has-link-color has-large-font-size wp-elements-80fa4a5aeb18b704fcd860831b626c1b wp-block-paragraph\">Coll\u00e8ge Aim\u00e9 C\u00e9saire<\/p>\n\n\n\n<div class=\"wp-block-buttons is-content-justification-center is-layout-flex wp-container-core-buttons-is-layout-75f1776e wp-block-buttons-is-layout-flex\">\n<div class=\"wp-block-button\"><a class=\"wp-block-button__link has-base-color has-text-color has-background has-link-color wp-element-button\" href=\"..\/index.php\/college-aime-cesaire\/\" style=\"background-color:#78874b\"><strong>Journ\u00e9e <\/strong><br><strong>de l&rsquo;Antiquit\u00e9<\/strong><\/a><\/div>\n<\/div>\n<\/div><\/div>\n<\/div>\n\n\n\n<div class=\"wp-block-column is-layout-flow wp-block-column-is-layout-flow\">\n<div class=\"wp-block-cover aligncenter wp-duotone-grayscale\" style=\"padding-right:0;padding-left:0;min-height:170px;aspect-ratio:unset;\"><span aria-hidden=\"true\" class=\"wp-block-cover__background has-background-dim-30 has-background-dim\" style=\"background-color:#7f7972\"><\/span><img loading=\"lazy\" decoding=\"async\" width=\"1024\" height=\"768\" class=\"wp-block-cover__image-background wp-image-2465\" alt=\"eveha mediation eac pass culture archeologie\" src=\"https:\/\/mediation.eveha.fr\/wp-content\/uploads\/2024\/03\/P1050226.resized.jpg\" data-object-fit=\"cover\"\/><div class=\"wp-block-cover__inner-container is-layout-flow wp-container-core-cover-is-layout-a6d29670 wp-block-cover-is-layout-flow\">\n<p class=\"has-text-align-center has-large-font-size wp-block-paragraph\">Coll\u00e8ge Saint-Jean Bosco<\/p>\n\n\n\n<div class=\"wp-block-buttons is-content-justification-center is-layout-flex wp-container-core-buttons-is-layout-75f1776e wp-block-buttons-is-layout-flex\">\n<div class=\"wp-block-button\"><a class=\"wp-block-button__link has-base-color has-text-color has-background has-link-color wp-element-button\" href=\"..\/index.php\/college-saint-jean-bosco\/\" style=\"background-color:#78874b\"><strong>Animation <\/strong><br><strong>Playmobil\u00ae<\/strong><\/a><\/div>\n<\/div>\n<\/div><\/div>\n<\/div>\n<\/div>\n<\/div>\n\n\n\n<div style=\"height:49px\" aria-hidden=\"true\" class=\"wp-block-spacer\"><\/div>\n\n\n\n<div class=\"wp-block-columns is-layout-flex wp-container-core-columns-is-layout-b91472e3 wp-block-columns-is-layout-flex\">\n<div class=\"wp-block-column is-layout-flow wp-container-core-column-is-layout-6528e3b0 wp-block-column-is-layout-flow\" style=\"padding-top:0;padding-right:0;padding-bottom:0;padding-left:0\">\n<h3 class=\"wp-block-heading\"><strong>Contactez-nous !<\/strong><\/h3>\n\n\n\n<div style=\"height:44px\" aria-hidden=\"true\" class=\"wp-block-spacer\"><\/div>\n\n\n\n<p class=\"wp-block-paragraph\"><strong>Nous sommes impatients d&rsquo;explorer avec vous<\/strong> la mani\u00e8re dont nous pourrions inspirer les \u00e9l\u00e8ves \u00e0 travers des projets \u00e9ducatifs enrichissants dans le domaine de l&rsquo;arch\u00e9ologie.<\/p>\n\n\n\n<div style=\"height:44px\" aria-hidden=\"true\" class=\"wp-block-spacer\"><\/div>\n\n\n\n<div class=\"wp-block-buttons is-content-justification-center is-layout-flex wp-container-core-buttons-is-layout-75f1776e wp-block-buttons-is-layout-flex\">\n<div class=\"wp-block-button\"><a class=\"wp-block-button__link has-base-color has-text-color has-background has-link-color wp-element-button\" href=\"mailto:mediation-communication@eveha.fr\" style=\"background-color:#78874b\">Contactez nous : mediation-communication@eveha.fr<\/a><\/div>\n<\/div>\n<\/div>\n<\/div>\n\n\n\n<p class=\"wp-block-paragraph\"><\/p>\n","protected":false},"excerpt":{"rendered":"<p>Tout au long de l&rsquo;ann\u00e9e, notre \u00e9quipe d\u00e9veloppe des projets d&rsquo;\u00e9ducation artistique et culturelle visant \u00e0 immerger les \u00e9l\u00e8ves (primaires, coll\u00e9giens et lyc\u00e9ens) dans le monde fascinant de l&rsquo;arch\u00e9ologie, tout en s&rsquo;alignant aux programmes \u00e9ducatifs des enseignants ou les projets des m\u00e9diateurs. Construisons votre projet ensemble ! La coconstruction de projets p\u00e9dagogiques est un enjeu [&hellip;]<\/p>\n","protected":false},"author":5,"featured_media":0,"parent":0,"menu_order":0,"comment_status":"closed","ping_status":"closed","template":"","meta":{"_crdt_document":"","inline_featured_image":false,"footnotes":""},"class_list":["post-745","page","type-page","status-publish","hentry"],"_links":{"self":[{"href":"https:\/\/mediation.eveha.fr\/index.php\/wp-json\/wp\/v2\/pages\/745","targetHints":{"allow":["GET"]}}],"collection":[{"href":"https:\/\/mediation.eveha.fr\/index.php\/wp-json\/wp\/v2\/pages"}],"about":[{"href":"https:\/\/mediation.eveha.fr\/index.php\/wp-json\/wp\/v2\/types\/page"}],"author":[{"embeddable":true,"href":"https:\/\/mediation.eveha.fr\/index.php\/wp-json\/wp\/v2\/users\/5"}],"replies":[{"embeddable":true,"href":"https:\/\/mediation.eveha.fr\/index.php\/wp-json\/wp\/v2\/comments?post=745"}],"version-history":[{"count":106,"href":"https:\/\/mediation.eveha.fr\/index.php\/wp-json\/wp\/v2\/pages\/745\/revisions"}],"predecessor-version":[{"id":3360,"href":"https:\/\/mediation.eveha.fr\/index.php\/wp-json\/wp\/v2\/pages\/745\/revisions\/3360"}],"wp:attachment":[{"href":"https:\/\/mediation.eveha.fr\/index.php\/wp-json\/wp\/v2\/media?parent=745"}],"curies":[{"name":"wp","href":"https:\/\/api.w.org\/{rel}","templated":true}]}}