{"id":695,"date":"2023-12-11T11:27:57","date_gmt":"2023-12-11T10:27:57","guid":{"rendered":"https:\/\/mediationdev.eveha.fr\/?page_id=695"},"modified":"2025-01-09T17:38:29","modified_gmt":"2025-01-09T16:38:29","slug":"soyons-fouille-2","status":"publish","type":"page","link":"https:\/\/mediation.eveha.fr\/index.php\/soyons-fouille-2\/","title":{"rendered":"Soyons fouilles !"},"content":{"rendered":"\n<div class=\"wp-block-group alignfull has-background has-global-padding is-layout-constrained wp-container-core-group-is-layout-6905ac29 wp-block-group-is-layout-constrained\" style=\"background-color:#c73636\">\n<div class=\"wp-block-columns is-layout-flex wp-container-core-columns-is-layout-68f3161d wp-block-columns-is-layout-flex\" style=\"margin-top:0;margin-bottom:0;padding-top:0;padding-right:0;padding-bottom:0;padding-left:0\">\n<div class=\"wp-block-column is-vertically-aligned-center is-layout-flow wp-container-core-column-is-layout-2751c923 wp-block-column-is-layout-flow\" style=\"padding-top:0;padding-right:0;padding-bottom:0;padding-left:0\">\n<div style=\"height:41px\" aria-hidden=\"true\" class=\"wp-block-spacer\"><\/div>\n\n\n\n<h3 class=\"wp-block-heading has-text-align-center has-white-color has-text-color has-link-color has-large-font-size wp-elements-34eaba0173909d1c6037cdf3a4c2d04b\" style=\"text-transform:none\"><strong>Soyons fouilles !<\/strong><\/h3>\n\n\n\n<div style=\"height:41px\" aria-hidden=\"true\" class=\"wp-block-spacer\"><\/div>\n\n\n\n<figure class=\"wp-block-image size-full\"><img loading=\"lazy\" decoding=\"async\" width=\"720\" height=\"960\" src=\"https:\/\/mediation.eveha.fr\/wp-content\/uploads\/2024\/03\/grand_bac.resized.jpg\" alt=\"eveha mediation eac pass culture archeologie\" class=\"wp-image-2195\" style=\"aspect-ratio:1;object-fit:contain\"\/><\/figure>\n<\/div>\n\n\n\n<div class=\"wp-block-column is-layout-flow wp-container-core-column-is-layout-c06199db wp-block-column-is-layout-flow\" style=\"padding-top:0;padding-right:0;padding-bottom:0;padding-left:0\">\n<div style=\"height:41px\" aria-hidden=\"true\" class=\"wp-block-spacer\"><\/div>\n\n\n\n<h5 class=\"wp-block-heading has-text-align-left has-base-color has-text-color has-link-color has-medium-font-size wp-elements-9afdafb3d3ffbeba32b98f0ca7bd5b2f\" style=\"text-transform:none\"><strong>D\u00c9TERRONS LE PASS\u00c9<\/strong><\/h5>\n\n\n\n<div style=\"height:41px\" aria-hidden=\"true\" class=\"wp-block-spacer\"><\/div>\n\n\n\n<p class=\"has-base-color has-text-color has-link-color has-medium-font-size wp-elements-3cd4056617925b48bf967078027367c1 wp-block-paragraph\">Cet atelier aura pour but de laisser <strong>les \u00e9l\u00e8ves s&rsquo;adonner \u00e0 la fouille d&rsquo;une structure arch\u00e9ologique <\/strong>et d&rsquo;y r\u00e9colter le mobilier enfoui gr\u00e2ce \u00e0 l&rsquo;utilisation<strong> de bacs de fouille<\/strong>.<strong> Dans la peau d&rsquo;un v\u00e9ritable arch\u00e9ologue de terrain<\/strong>, les \u00e9l\u00e8ves devront nettoyer leur structure, la prendre en photo et l&rsquo;enregistrer sur des fiches pr\u00e9vues \u00e0 cet effet. Les \u00e9l\u00e8ves devront \u00e9galement trier le mobilier arch\u00e9ologique r\u00e9cup\u00e9r\u00e9 \u00e0 l&rsquo;issue de la fouille. Chaque objet sera nettoy\u00e9 bri\u00e8vement, mis en sachet et r\u00e9pertori\u00e9 dans des caisses par type afin que chaque objet soit envoy\u00e9 au bon sp\u00e9cialiste en laboratoire.<\/p>\n\n\n\n<div style=\"height:41px\" aria-hidden=\"true\" class=\"wp-block-spacer\"><\/div>\n\n\n\n<ul class=\"wp-block-list has-base-color has-text-color has-link-color has-medium-font-size wp-elements-4754e8bc4e41c3d0c49cf0490e5e8243\">\n<li><strong>Apprentissage et savoir-faire : <\/strong>technique de fouille, observation, m\u00e9thodologie, esprit d&rsquo;analyse et de synth\u00e8se<\/li>\n\n\n\n<li><strong>Dur\u00e9e cycles 1 et 2 : <\/strong>1h \u00e0 1h30<\/li>\n\n\n\n<li><strong>Dur\u00e9e cycles 3 et 4 : <\/strong>1h30 \u00e0 2h<\/li>\n\n\n\n<li class=\"has-medium-font-size\"><strong>Lieu : <\/strong>salle de classe ou lieu d\u00e9di\u00e9 au sein de l&rsquo;\u00e9tablissement scolaire avec un espace suffisant permettant de d\u00e9ployer le mat\u00e9riel<\/li>\n\n\n\n<li><strong>Effectifs : <\/strong>classe enti\u00e8re<\/li>\n\n\n\n<li><strong>Besoins : <\/strong>vid\u00e9oprojecteur, tables et chaises<\/li>\n\n\n\n<li><strong>Mat\u00e9riel fourni :  <\/strong>mat\u00e9riel p\u00e9dagogique (bacs de fouille, mallette p\u00e9dagogique, livrets, fiches m\u00e9tiers, vid\u00e9os)<\/li>\n<\/ul>\n\n\n\n<div style=\"height:41px\" aria-hidden=\"true\" class=\"wp-block-spacer\"><\/div>\n<\/div>\n<\/div>\n<\/div>\n\n\n\n<div style=\"height:41px\" aria-hidden=\"true\" class=\"wp-block-spacer\"><\/div>\n\n\n\n<div class=\"wp-block-columns is-layout-flex wp-container-core-columns-is-layout-c2860019 wp-block-columns-is-layout-flex\" style=\"margin-top:0;margin-bottom:0;padding-top:0;padding-right:0;padding-bottom:0;padding-left:0\">\n<div class=\"wp-block-column is-layout-flow wp-container-core-column-is-layout-79f4a3e8 wp-block-column-is-layout-flow\" style=\"padding-top:0;padding-right:0;padding-bottom:0;padding-left:0\">\n<figure data-wp-context=\"{&quot;imageId&quot;:&quot;69f357e0009f2&quot;}\" data-wp-interactive=\"core\/image\" data-wp-key=\"69f357e0009f2\" class=\"wp-block-image alignleft size-full wp-lightbox-container\"><img loading=\"lazy\" decoding=\"async\" width=\"800\" height=\"598\" data-wp-class--hide=\"state.isContentHidden\" data-wp-class--show=\"state.isContentVisible\" data-wp-init=\"callbacks.setButtonStyles\" data-wp-on--click=\"actions.showLightbox\" data-wp-on--load=\"callbacks.setButtonStyles\" data-wp-on--pointerdown=\"actions.preloadImage\" data-wp-on--pointerenter=\"actions.preloadImageWithDelay\" data-wp-on--pointerleave=\"actions.cancelPreload\" data-wp-on-window--resize=\"callbacks.setButtonStyles\" src=\"https:\/\/mediation.eveha.fr\/wp-content\/uploads\/2023\/12\/Soyons_fouille2.png\" alt=\"eveha mediation eac pass culture archeologie\" class=\"wp-image-696\" style=\"object-fit:cover\"\/><button\n\t\t\tclass=\"lightbox-trigger\"\n\t\t\ttype=\"button\"\n\t\t\taria-haspopup=\"dialog\"\n\t\t\tdata-wp-bind--aria-label=\"state.thisImage.triggerButtonAriaLabel\"\n\t\t\tdata-wp-init=\"callbacks.initTriggerButton\"\n\t\t\tdata-wp-on--click=\"actions.showLightbox\"\n\t\t\tdata-wp-style--right=\"state.thisImage.buttonRight\"\n\t\t\tdata-wp-style--top=\"state.thisImage.buttonTop\"\n\t\t>\n\t\t\t<svg xmlns=\"http:\/\/www.w3.org\/2000\/svg\" width=\"12\" height=\"12\" fill=\"none\" viewBox=\"0 0 12 12\">\n\t\t\t\t<path fill=\"#fff\" d=\"M2 0a2 2 0 0 0-2 2v2h1.5V2a.5.5 0 0 1 .5-.5h2V0H2Zm2 10.5H2a.5.5 0 0 1-.5-.5V8H0v2a2 2 0 0 0 2 2h2v-1.5ZM8 12v-1.5h2a.5.5 0 0 0 .5-.5V8H12v2a2 2 0 0 1-2 2H8Zm2-12a2 2 0 0 1 2 2v2h-1.5V2a.5.5 0 0 0-.5-.5H8V0h2Z\" \/>\n\t\t\t<\/svg>\n\t\t<\/button><\/figure>\n<\/div>\n\n\n\n<div class=\"wp-block-column is-layout-flow wp-container-core-column-is-layout-79f4a3e8 wp-block-column-is-layout-flow\" style=\"padding-top:0;padding-right:0;padding-bottom:0;padding-left:0\">\n<figure data-wp-context=\"{&quot;imageId&quot;:&quot;69f357e000f27&quot;}\" data-wp-interactive=\"core\/image\" data-wp-key=\"69f357e000f27\" class=\"wp-block-image alignleft size-full wp-lightbox-container\"><img loading=\"lazy\" decoding=\"async\" width=\"1280\" height=\"960\" data-wp-class--hide=\"state.isContentHidden\" data-wp-class--show=\"state.isContentVisible\" data-wp-init=\"callbacks.setButtonStyles\" data-wp-on--click=\"actions.showLightbox\" data-wp-on--load=\"callbacks.setButtonStyles\" data-wp-on--pointerdown=\"actions.preloadImage\" data-wp-on--pointerenter=\"actions.preloadImageWithDelay\" data-wp-on--pointerleave=\"actions.cancelPreload\" data-wp-on-window--resize=\"callbacks.setButtonStyles\" src=\"https:\/\/mediation.eveha.fr\/wp-content\/uploads\/2024\/03\/mini_bac.resized.jpg\" alt=\"eveha mediation eac pass culture archeologie\" class=\"wp-image-2300\" style=\"object-fit:cover\"\/><button\n\t\t\tclass=\"lightbox-trigger\"\n\t\t\ttype=\"button\"\n\t\t\taria-haspopup=\"dialog\"\n\t\t\tdata-wp-bind--aria-label=\"state.thisImage.triggerButtonAriaLabel\"\n\t\t\tdata-wp-init=\"callbacks.initTriggerButton\"\n\t\t\tdata-wp-on--click=\"actions.showLightbox\"\n\t\t\tdata-wp-style--right=\"state.thisImage.buttonRight\"\n\t\t\tdata-wp-style--top=\"state.thisImage.buttonTop\"\n\t\t>\n\t\t\t<svg xmlns=\"http:\/\/www.w3.org\/2000\/svg\" width=\"12\" height=\"12\" fill=\"none\" viewBox=\"0 0 12 12\">\n\t\t\t\t<path fill=\"#fff\" d=\"M2 0a2 2 0 0 0-2 2v2h1.5V2a.5.5 0 0 1 .5-.5h2V0H2Zm2 10.5H2a.5.5 0 0 1-.5-.5V8H0v2a2 2 0 0 0 2 2h2v-1.5ZM8 12v-1.5h2a.5.5 0 0 0 .5-.5V8H12v2a2 2 0 0 1-2 2H8Zm2-12a2 2 0 0 1 2 2v2h-1.5V2a.5.5 0 0 0-.5-.5H8V0h2Z\" \/>\n\t\t\t<\/svg>\n\t\t<\/button><\/figure>\n<\/div>\n\n\n\n<div class=\"wp-block-column is-layout-flow wp-container-core-column-is-layout-79f4a3e8 wp-block-column-is-layout-flow\" style=\"padding-top:0;padding-right:0;padding-bottom:0;padding-left:0\">\n<figure data-wp-context=\"{&quot;imageId&quot;:&quot;69f357e0013a7&quot;}\" data-wp-interactive=\"core\/image\" data-wp-key=\"69f357e0013a7\" class=\"wp-block-image alignleft size-full wp-lightbox-container\"><img loading=\"lazy\" decoding=\"async\" width=\"800\" height=\"600\" data-wp-class--hide=\"state.isContentHidden\" data-wp-class--show=\"state.isContentVisible\" data-wp-init=\"callbacks.setButtonStyles\" data-wp-on--click=\"actions.showLightbox\" data-wp-on--load=\"callbacks.setButtonStyles\" data-wp-on--pointerdown=\"actions.preloadImage\" data-wp-on--pointerenter=\"actions.preloadImageWithDelay\" data-wp-on--pointerleave=\"actions.cancelPreload\" data-wp-on-window--resize=\"callbacks.setButtonStyles\" src=\"https:\/\/mediation.eveha.fr\/wp-content\/uploads\/2023\/12\/JEA8.png\" alt=\"JEA \u00c9veha\" class=\"wp-image-449\" style=\"object-fit:cover\"\/><button\n\t\t\tclass=\"lightbox-trigger\"\n\t\t\ttype=\"button\"\n\t\t\taria-haspopup=\"dialog\"\n\t\t\tdata-wp-bind--aria-label=\"state.thisImage.triggerButtonAriaLabel\"\n\t\t\tdata-wp-init=\"callbacks.initTriggerButton\"\n\t\t\tdata-wp-on--click=\"actions.showLightbox\"\n\t\t\tdata-wp-style--right=\"state.thisImage.buttonRight\"\n\t\t\tdata-wp-style--top=\"state.thisImage.buttonTop\"\n\t\t>\n\t\t\t<svg xmlns=\"http:\/\/www.w3.org\/2000\/svg\" width=\"12\" height=\"12\" fill=\"none\" viewBox=\"0 0 12 12\">\n\t\t\t\t<path fill=\"#fff\" d=\"M2 0a2 2 0 0 0-2 2v2h1.5V2a.5.5 0 0 1 .5-.5h2V0H2Zm2 10.5H2a.5.5 0 0 1-.5-.5V8H0v2a2 2 0 0 0 2 2h2v-1.5ZM8 12v-1.5h2a.5.5 0 0 0 .5-.5V8H12v2a2 2 0 0 1-2 2H8Zm2-12a2 2 0 0 1 2 2v2h-1.5V2a.5.5 0 0 0-.5-.5H8V0h2Z\" \/>\n\t\t\t<\/svg>\n\t\t<\/button><\/figure>\n<\/div>\n<\/div>\n\n\n\n<div class=\"wp-block-columns is-layout-flex wp-container-core-columns-is-layout-558cc721 wp-block-columns-is-layout-flex\" style=\"padding-top:var(--wp--preset--spacing--30);padding-bottom:var(--wp--preset--spacing--30)\">\n<div class=\"wp-block-column is-layout-flow wp-block-column-is-layout-flow\">\n<figure class=\"wp-block-image size-full\"><img loading=\"lazy\" decoding=\"async\" width=\"720\" height=\"960\" src=\"https:\/\/mediation.eveha.fr\/wp-content\/uploads\/2024\/03\/bac_sorde.resized.jpg\" alt=\"eveha mediation eac pass culture archeologie\" class=\"wp-image-2301\"\/><\/figure>\n<\/div>\n\n\n\n<div class=\"wp-block-column is-layout-flow wp-block-column-is-layout-flow\">\n<figure class=\"wp-block-image size-full\"><img loading=\"lazy\" decoding=\"async\" width=\"1024\" height=\"683\" src=\"https:\/\/mediation.eveha.fr\/wp-content\/uploads\/2024\/03\/IMG_0316.resized.jpg\" alt=\"eveha mediation eac pass culture archeologie\" class=\"wp-image-2265\"\/><\/figure>\n<\/div>\n\n\n\n<div class=\"wp-block-column is-layout-flow wp-block-column-is-layout-flow\"><\/div>\n<\/div>\n","protected":false},"excerpt":{"rendered":"<p>Soyons fouilles ! D\u00c9TERRONS LE PASS\u00c9 Cet atelier aura pour but de laisser les \u00e9l\u00e8ves s&rsquo;adonner \u00e0 la fouille d&rsquo;une structure arch\u00e9ologique et d&rsquo;y r\u00e9colter le mobilier enfoui gr\u00e2ce \u00e0 l&rsquo;utilisation de bacs de fouille. Dans la peau d&rsquo;un v\u00e9ritable arch\u00e9ologue de terrain, les \u00e9l\u00e8ves devront nettoyer leur structure, la prendre en photo et l&rsquo;enregistrer [&hellip;]<\/p>\n","protected":false},"author":5,"featured_media":0,"parent":0,"menu_order":0,"comment_status":"closed","ping_status":"closed","template":"","meta":{"_crdt_document":"","inline_featured_image":false,"footnotes":""},"class_list":["post-695","page","type-page","status-publish","hentry"],"_links":{"self":[{"href":"https:\/\/mediation.eveha.fr\/index.php\/wp-json\/wp\/v2\/pages\/695","targetHints":{"allow":["GET"]}}],"collection":[{"href":"https:\/\/mediation.eveha.fr\/index.php\/wp-json\/wp\/v2\/pages"}],"about":[{"href":"https:\/\/mediation.eveha.fr\/index.php\/wp-json\/wp\/v2\/types\/page"}],"author":[{"embeddable":true,"href":"https:\/\/mediation.eveha.fr\/index.php\/wp-json\/wp\/v2\/users\/5"}],"replies":[{"embeddable":true,"href":"https:\/\/mediation.eveha.fr\/index.php\/wp-json\/wp\/v2\/comments?post=695"}],"version-history":[{"count":25,"href":"https:\/\/mediation.eveha.fr\/index.php\/wp-json\/wp\/v2\/pages\/695\/revisions"}],"predecessor-version":[{"id":3552,"href":"https:\/\/mediation.eveha.fr\/index.php\/wp-json\/wp\/v2\/pages\/695\/revisions\/3552"}],"wp:attachment":[{"href":"https:\/\/mediation.eveha.fr\/index.php\/wp-json\/wp\/v2\/media?parent=695"}],"curies":[{"name":"wp","href":"https:\/\/api.w.org\/{rel}","templated":true}]}}