{"id":674,"date":"2023-12-11T10:46:54","date_gmt":"2023-12-11T09:46:54","guid":{"rendered":"https:\/\/mediationdev.eveha.fr\/?page_id=674"},"modified":"2025-12-22T15:13:53","modified_gmt":"2025-12-22T14:13:53","slug":"faites-gaf","status":"publish","type":"page","link":"https:\/\/mediation.eveha.fr\/index.php\/faites-gaf\/","title":{"rendered":"Faites GAF !"},"content":{"rendered":"\n<div class=\"wp-block-group alignfull has-background has-global-padding is-layout-constrained wp-container-core-group-is-layout-6905ac29 wp-block-group-is-layout-constrained\" style=\"background-color:#c87137fa\">\n<div class=\"wp-block-columns is-layout-flex wp-container-core-columns-is-layout-68f3161d wp-block-columns-is-layout-flex\" style=\"margin-top:0;margin-bottom:0;padding-top:0;padding-right:0;padding-bottom:0;padding-left:0\">\n<div class=\"wp-block-column is-vertically-aligned-center is-layout-flow wp-container-core-column-is-layout-2751c923 wp-block-column-is-layout-flow\" style=\"padding-top:0;padding-right:0;padding-bottom:0;padding-left:0\">\n<div style=\"height:41px\" aria-hidden=\"true\" class=\"wp-block-spacer\"><\/div>\n\n\n\n<h3 class=\"wp-block-heading has-text-align-center has-white-color has-text-color has-link-color has-large-font-size wp-elements-300ee7697ca765cbdae96637b8df44ed\" style=\"text-transform:none\"><strong>Faites GAF !<\/strong><\/h3>\n\n\n\n<div style=\"height:41px\" aria-hidden=\"true\" class=\"wp-block-spacer\"><\/div>\n\n\n\n<figure class=\"wp-block-image size-full\"><img loading=\"lazy\" decoding=\"async\" width=\"1280\" height=\"960\" src=\"https:\/\/mediation.eveha.fr\/wp-content\/uploads\/2024\/04\/IMG_8299.resized.jpg\" alt=\"eveha mediation eac fouilles. gaf fouilles archive\" class=\"wp-image-2708\"\/><\/figure>\n<\/div>\n\n\n\n<div class=\"wp-block-column is-layout-flow wp-container-core-column-is-layout-c06199db wp-block-column-is-layout-flow\" style=\"padding-top:0;padding-right:0;padding-bottom:0;padding-left:0\">\n<div style=\"height:41px\" aria-hidden=\"true\" class=\"wp-block-spacer\"><\/div>\n\n\n\n<h4 class=\"wp-block-heading has-text-align-center has-base-color has-text-color has-link-color has-small-font-size wp-elements-c89a57a13d28e60cb69d0ea25f768f7d\" style=\"text-transform:uppercase\"><strong>Partons \u00e0 la d\u00e9couverte <\/strong><br><strong>DES ARCHIVES DE FOUILLES<\/strong><\/h4>\n\n\n\n<div style=\"height:41px\" aria-hidden=\"true\" class=\"wp-block-spacer\"><\/div>\n\n\n\n<p class=\"has-base-color has-text-color has-link-color has-small-font-size wp-elements-5107c8a6f337899b423aa252c208a4b9 wp-block-paragraph\">Lors de la construction d\u2019une annexe du lyc\u00e9e Van Gogh \u00e0 Ermont (95), une fouille arch\u00e9ologique pr\u00e9ventive a r\u00e9v\u00e9l\u00e9 les vestiges d\u2019une ferme gauloise et d\u2019une villa gallo-romaine. Parmi ces d\u00e9couvertes, un puits a \u00e9t\u00e9 fouill\u00e9 en urgence : il a livr\u00e9 un mobilier pr\u00e9cieux qui a \u00e9t\u00e9 rapidement conditionn\u00e9 et ramen\u00e9 en agence. Mais que deviennent ces objets apr\u00e8s la fouille ? Cet atelier propose aux \u00e9l\u00e8ves de se mettre dans la peau de <strong>Clara Cat\u00e9gorix, Gestionnaire des Archives de Fouille (GAF) au sein de l\u2019\u00e9quipe arch\u00e9ologique en charge de l\u2019\u00e9tude du site<\/strong>. V\u00e9ritable gardienne de la m\u00e9moire du chantier, elle intervient tout au long de la cha\u00eene de traitement de l\u2019objet. Elle organise notamment les diff\u00e9rentes \u00e9tapes de post-fouille, de la r\u00e9ception du mobilier jusqu\u2019au rendu \u00e0 l\u2019\u00c9tat au terme des recherches.<\/p>\n\n\n\n<p class=\"has-base-color has-text-color has-link-color has-small-font-size wp-elements-b5aa6444a08e0e492e6a5815c585ec0f wp-block-paragraph\">Les \u00e9l\u00e8ves d\u00e9couvriront concr\u00e8tement les \u00e9tapes de ce m\u00e9tier essentiel :<\/p>\n\n\n\n<ul class=\"wp-block-list\">\n<li class=\"has-base-color has-text-color has-link-color has-small-font-size wp-elements-673c27a27847c5c8c2945d719cb9f83d\"><strong>Identifier la nature des objets <\/strong>(organique ou inorganique)<\/li>\n\n\n\n<li class=\"has-base-color has-text-color has-link-color has-small-font-size wp-elements-02bc45e6fb7155c7bf82cdb595ce7bf5\"><strong>Trier les objets<\/strong> par mat\u00e9riaux et remplir les inventaires<\/li>\n\n\n\n<li class=\"has-base-color has-text-color has-link-color has-small-font-size wp-elements-f6bc3d2f739b0a5bc916800d7c60e608\"><strong>Choisir le bon traitement et le bon conditionnement<\/strong> pour les prot\u00e9ger<\/li>\n\n\n\n<li class=\"has-base-color has-text-color has-link-color has-small-font-size wp-elements-8ec92f745dd745d011679de6b94c6d4b\"><strong>D\u00e9cider \u00e0 quel sp\u00e9cialiste confier leur \u00e9tude<\/strong> (c\u00e9ramologue, carpologue, anthropologue, etc.)<\/li>\n<\/ul>\n\n\n\n<p class=\"has-base-color has-text-color has-link-color has-small-font-size wp-elements-13325f1124e53aa479b48a856452efa5 wp-block-paragraph\">\u00c0 travers cette activit\u00e9 ludique et interactive, ils comprendront l\u2019importance du <strong>travail indispensable du GAF,<\/strong> sans lequel les donn\u00e9es et objets d\u00e9couverts sur un chantier seraient inexploitables.<\/p>\n\n\n\n<div style=\"height:41px\" aria-hidden=\"true\" class=\"wp-block-spacer\"><\/div>\n\n\n\n<ul class=\"wp-block-list has-base-color has-text-color has-link-color has-medium-font-size wp-elements-b797bda248b596587f27d647c33e62b9\">\n<li class=\"has-small-font-size\"><strong>Apprentissage et savoir-faire : <\/strong><br>observation, m\u00e9thodologie, rigueur scientifique, sensibilisation \u00e0 la conservation du patrimoine<\/li>\n\n\n\n<li class=\"has-small-font-size\"><strong>Dur\u00e9e cycles 1 et 2 : <\/strong>1h \u00e0 1h30<\/li>\n\n\n\n<li class=\"has-small-font-size\"><strong>Dur\u00e9e cycles 3 et 4 : <\/strong>1h30 \u00e0 2h<\/li>\n\n\n\n<li class=\"has-small-font-size\"><strong>Lieu <\/strong>:<strong> <\/strong>salle de classe ou lieu d\u00e9di\u00e9 au sein de l&rsquo;\u00e9tablissement scolaire avec un espace suffisant permettant de d\u00e9ployer le mat\u00e9riel <\/li>\n\n\n\n<li class=\"has-small-font-size\"><strong>Effectifs : <\/strong>classe enti\u00e8re<\/li>\n\n\n\n<li class=\"has-small-font-size\"><strong>Besoins : <\/strong>tables et chaises<\/li>\n\n\n\n<li class=\"has-small-font-size\"><strong>Mat\u00e9riel fourni : <\/strong> caisses avec du v\u00e9ritable mobilier arch\u00e9ologique (d\u00e9class\u00e9), mat\u00e9riel de conditionnement du mobilier (gants silicones, \u00e9crins, sachet plastique, bo\u00eete herm\u00e9tique, etc.), supports p\u00e9dagogiques divers (livret p\u00e9dagogique, carte de pr\u00e9sentation des objets, plan fictif d\u2019un d\u00e9p\u00f4t arch\u00e9ologique, etc.).&nbsp;<\/li>\n<\/ul>\n\n\n\n<div style=\"height:41px\" aria-hidden=\"true\" class=\"wp-block-spacer\"><\/div>\n<\/div>\n<\/div>\n<\/div>\n\n\n\n<div style=\"height:41px\" aria-hidden=\"true\" class=\"wp-block-spacer\"><\/div>\n\n\n\n<div class=\"wp-block-columns is-layout-flex wp-container-core-columns-is-layout-b91472e3 wp-block-columns-is-layout-flex\">\n<div class=\"wp-block-column is-layout-flow wp-block-column-is-layout-flow\">\n<figure data-wp-context=\"{&quot;imageId&quot;:&quot;69f3d6dd11345&quot;}\" data-wp-interactive=\"core\/image\" data-wp-key=\"69f3d6dd11345\" class=\"wp-block-image size-large wp-lightbox-container\"><img loading=\"lazy\" decoding=\"async\" width=\"1024\" height=\"575\" data-wp-class--hide=\"state.isContentHidden\" data-wp-class--show=\"state.isContentVisible\" data-wp-init=\"callbacks.setButtonStyles\" data-wp-on--click=\"actions.showLightbox\" data-wp-on--load=\"callbacks.setButtonStyles\" data-wp-on--pointerdown=\"actions.preloadImage\" data-wp-on--pointerenter=\"actions.preloadImageWithDelay\" data-wp-on--pointerleave=\"actions.cancelPreload\" data-wp-on-window--resize=\"callbacks.setButtonStyles\" src=\"https:\/\/mediation.eveha.fr\/wp-content\/uploads\/2025\/09\/2024-villneuve-sur-lot-etude-met-4-1024x575.jpg\" alt=\"\" class=\"wp-image-3716\" style=\"aspect-ratio:4\/3;object-fit:cover\" srcset=\"https:\/\/mediation.eveha.fr\/wp-content\/uploads\/2025\/09\/2024-villneuve-sur-lot-etude-met-4-1024x575.jpg 1024w, https:\/\/mediation.eveha.fr\/wp-content\/uploads\/2025\/09\/2024-villneuve-sur-lot-etude-met-4-300x169.jpg 300w, https:\/\/mediation.eveha.fr\/wp-content\/uploads\/2025\/09\/2024-villneuve-sur-lot-etude-met-4-768x431.jpg 768w, https:\/\/mediation.eveha.fr\/wp-content\/uploads\/2025\/09\/2024-villneuve-sur-lot-etude-met-4.jpg 1200w\" sizes=\"auto, (max-width: 1024px) 100vw, 1024px\" \/><button\n\t\t\tclass=\"lightbox-trigger\"\n\t\t\ttype=\"button\"\n\t\t\taria-haspopup=\"dialog\"\n\t\t\tdata-wp-bind--aria-label=\"state.thisImage.triggerButtonAriaLabel\"\n\t\t\tdata-wp-init=\"callbacks.initTriggerButton\"\n\t\t\tdata-wp-on--click=\"actions.showLightbox\"\n\t\t\tdata-wp-style--right=\"state.thisImage.buttonRight\"\n\t\t\tdata-wp-style--top=\"state.thisImage.buttonTop\"\n\t\t>\n\t\t\t<svg xmlns=\"http:\/\/www.w3.org\/2000\/svg\" width=\"12\" height=\"12\" fill=\"none\" viewBox=\"0 0 12 12\">\n\t\t\t\t<path fill=\"#fff\" d=\"M2 0a2 2 0 0 0-2 2v2h1.5V2a.5.5 0 0 1 .5-.5h2V0H2Zm2 10.5H2a.5.5 0 0 1-.5-.5V8H0v2a2 2 0 0 0 2 2h2v-1.5ZM8 12v-1.5h2a.5.5 0 0 0 .5-.5V8H12v2a2 2 0 0 1-2 2H8Zm2-12a2 2 0 0 1 2 2v2h-1.5V2a.5.5 0 0 0-.5-.5H8V0h2Z\" \/>\n\t\t\t<\/svg>\n\t\t<\/button><\/figure>\n<\/div>\n\n\n\n<div class=\"wp-block-column is-layout-flow wp-block-column-is-layout-flow\">\n<figure data-wp-context=\"{&quot;imageId&quot;:&quot;69f3d6dd11888&quot;}\" data-wp-interactive=\"core\/image\" data-wp-key=\"69f3d6dd11888\" class=\"wp-block-image size-large wp-lightbox-container\"><img loading=\"lazy\" decoding=\"async\" width=\"1024\" height=\"575\" data-wp-class--hide=\"state.isContentHidden\" data-wp-class--show=\"state.isContentVisible\" data-wp-init=\"callbacks.setButtonStyles\" data-wp-on--click=\"actions.showLightbox\" data-wp-on--load=\"callbacks.setButtonStyles\" data-wp-on--pointerdown=\"actions.preloadImage\" data-wp-on--pointerenter=\"actions.preloadImageWithDelay\" data-wp-on--pointerleave=\"actions.cancelPreload\" data-wp-on-window--resize=\"callbacks.setButtonStyles\" src=\"https:\/\/mediation.eveha.fr\/wp-content\/uploads\/2025\/09\/2024-villneuve-sur-lot-etude-met-11-1024x575.jpg\" alt=\"\" class=\"wp-image-3718\" style=\"aspect-ratio:4\/3;object-fit:cover\" srcset=\"https:\/\/mediation.eveha.fr\/wp-content\/uploads\/2025\/09\/2024-villneuve-sur-lot-etude-met-11-1024x575.jpg 1024w, https:\/\/mediation.eveha.fr\/wp-content\/uploads\/2025\/09\/2024-villneuve-sur-lot-etude-met-11-300x169.jpg 300w, https:\/\/mediation.eveha.fr\/wp-content\/uploads\/2025\/09\/2024-villneuve-sur-lot-etude-met-11-768x431.jpg 768w, https:\/\/mediation.eveha.fr\/wp-content\/uploads\/2025\/09\/2024-villneuve-sur-lot-etude-met-11.jpg 1200w\" sizes=\"auto, (max-width: 1024px) 100vw, 1024px\" \/><button\n\t\t\tclass=\"lightbox-trigger\"\n\t\t\ttype=\"button\"\n\t\t\taria-haspopup=\"dialog\"\n\t\t\tdata-wp-bind--aria-label=\"state.thisImage.triggerButtonAriaLabel\"\n\t\t\tdata-wp-init=\"callbacks.initTriggerButton\"\n\t\t\tdata-wp-on--click=\"actions.showLightbox\"\n\t\t\tdata-wp-style--right=\"state.thisImage.buttonRight\"\n\t\t\tdata-wp-style--top=\"state.thisImage.buttonTop\"\n\t\t>\n\t\t\t<svg xmlns=\"http:\/\/www.w3.org\/2000\/svg\" width=\"12\" height=\"12\" fill=\"none\" viewBox=\"0 0 12 12\">\n\t\t\t\t<path fill=\"#fff\" d=\"M2 0a2 2 0 0 0-2 2v2h1.5V2a.5.5 0 0 1 .5-.5h2V0H2Zm2 10.5H2a.5.5 0 0 1-.5-.5V8H0v2a2 2 0 0 0 2 2h2v-1.5ZM8 12v-1.5h2a.5.5 0 0 0 .5-.5V8H12v2a2 2 0 0 1-2 2H8Zm2-12a2 2 0 0 1 2 2v2h-1.5V2a.5.5 0 0 0-.5-.5H8V0h2Z\" \/>\n\t\t\t<\/svg>\n\t\t<\/button><\/figure>\n<\/div>\n\n\n\n<div class=\"wp-block-column is-layout-flow wp-block-column-is-layout-flow\">\n<figure data-wp-context=\"{&quot;imageId&quot;:&quot;69f3d6dd11d2b&quot;}\" data-wp-interactive=\"core\/image\" data-wp-key=\"69f3d6dd11d2b\" class=\"wp-block-image size-large wp-lightbox-container\"><img loading=\"lazy\" decoding=\"async\" width=\"1024\" height=\"575\" data-wp-class--hide=\"state.isContentHidden\" data-wp-class--show=\"state.isContentVisible\" data-wp-init=\"callbacks.setButtonStyles\" data-wp-on--click=\"actions.showLightbox\" data-wp-on--load=\"callbacks.setButtonStyles\" data-wp-on--pointerdown=\"actions.preloadImage\" data-wp-on--pointerenter=\"actions.preloadImageWithDelay\" data-wp-on--pointerleave=\"actions.cancelPreload\" data-wp-on-window--resize=\"callbacks.setButtonStyles\" src=\"https:\/\/mediation.eveha.fr\/wp-content\/uploads\/2025\/09\/2024-villneuve-sur-lot-etude-met-3-1024x575.jpg\" alt=\"\" class=\"wp-image-3717\" style=\"aspect-ratio:4\/3;object-fit:cover\" srcset=\"https:\/\/mediation.eveha.fr\/wp-content\/uploads\/2025\/09\/2024-villneuve-sur-lot-etude-met-3-1024x575.jpg 1024w, https:\/\/mediation.eveha.fr\/wp-content\/uploads\/2025\/09\/2024-villneuve-sur-lot-etude-met-3-300x169.jpg 300w, https:\/\/mediation.eveha.fr\/wp-content\/uploads\/2025\/09\/2024-villneuve-sur-lot-etude-met-3-768x431.jpg 768w, https:\/\/mediation.eveha.fr\/wp-content\/uploads\/2025\/09\/2024-villneuve-sur-lot-etude-met-3.jpg 1200w\" sizes=\"auto, (max-width: 1024px) 100vw, 1024px\" \/><button\n\t\t\tclass=\"lightbox-trigger\"\n\t\t\ttype=\"button\"\n\t\t\taria-haspopup=\"dialog\"\n\t\t\tdata-wp-bind--aria-label=\"state.thisImage.triggerButtonAriaLabel\"\n\t\t\tdata-wp-init=\"callbacks.initTriggerButton\"\n\t\t\tdata-wp-on--click=\"actions.showLightbox\"\n\t\t\tdata-wp-style--right=\"state.thisImage.buttonRight\"\n\t\t\tdata-wp-style--top=\"state.thisImage.buttonTop\"\n\t\t>\n\t\t\t<svg xmlns=\"http:\/\/www.w3.org\/2000\/svg\" width=\"12\" height=\"12\" fill=\"none\" viewBox=\"0 0 12 12\">\n\t\t\t\t<path fill=\"#fff\" d=\"M2 0a2 2 0 0 0-2 2v2h1.5V2a.5.5 0 0 1 .5-.5h2V0H2Zm2 10.5H2a.5.5 0 0 1-.5-.5V8H0v2a2 2 0 0 0 2 2h2v-1.5ZM8 12v-1.5h2a.5.5 0 0 0 .5-.5V8H12v2a2 2 0 0 1-2 2H8Zm2-12a2 2 0 0 1 2 2v2h-1.5V2a.5.5 0 0 0-.5-.5H8V0h2Z\" \/>\n\t\t\t<\/svg>\n\t\t<\/button><\/figure>\n<\/div>\n<\/div>\n\n\n\n<div style=\"height:23px\" aria-hidden=\"true\" class=\"wp-block-spacer\"><\/div>\n\n\n\n<div class=\"wp-block-columns is-layout-flex wp-container-core-columns-is-layout-b91472e3 wp-block-columns-is-layout-flex\">\n<div class=\"wp-block-column is-layout-flow wp-block-column-is-layout-flow\">\n<figure data-wp-context=\"{&quot;imageId&quot;:&quot;69f3d6dd1229f&quot;}\" data-wp-interactive=\"core\/image\" data-wp-key=\"69f3d6dd1229f\" class=\"wp-block-image size-full wp-lightbox-container\"><img loading=\"lazy\" decoding=\"async\" width=\"800\" height=\"600\" data-wp-class--hide=\"state.isContentHidden\" data-wp-class--show=\"state.isContentVisible\" data-wp-init=\"callbacks.setButtonStyles\" data-wp-on--click=\"actions.showLightbox\" data-wp-on--load=\"callbacks.setButtonStyles\" data-wp-on--pointerdown=\"actions.preloadImage\" data-wp-on--pointerenter=\"actions.preloadImageWithDelay\" data-wp-on--pointerleave=\"actions.cancelPreload\" data-wp-on-window--resize=\"callbacks.setButtonStyles\" src=\"https:\/\/mediation.eveha.fr\/wp-content\/uploads\/2023\/12\/soyons-fouille6.png\" alt=\"eveha eac passculture mediation\" class=\"wp-image-463\" style=\"aspect-ratio:4\/3;object-fit:cover\"\/><button\n\t\t\tclass=\"lightbox-trigger\"\n\t\t\ttype=\"button\"\n\t\t\taria-haspopup=\"dialog\"\n\t\t\tdata-wp-bind--aria-label=\"state.thisImage.triggerButtonAriaLabel\"\n\t\t\tdata-wp-init=\"callbacks.initTriggerButton\"\n\t\t\tdata-wp-on--click=\"actions.showLightbox\"\n\t\t\tdata-wp-style--right=\"state.thisImage.buttonRight\"\n\t\t\tdata-wp-style--top=\"state.thisImage.buttonTop\"\n\t\t>\n\t\t\t<svg xmlns=\"http:\/\/www.w3.org\/2000\/svg\" width=\"12\" height=\"12\" fill=\"none\" viewBox=\"0 0 12 12\">\n\t\t\t\t<path fill=\"#fff\" d=\"M2 0a2 2 0 0 0-2 2v2h1.5V2a.5.5 0 0 1 .5-.5h2V0H2Zm2 10.5H2a.5.5 0 0 1-.5-.5V8H0v2a2 2 0 0 0 2 2h2v-1.5ZM8 12v-1.5h2a.5.5 0 0 0 .5-.5V8H12v2a2 2 0 0 1-2 2H8Zm2-12a2 2 0 0 1 2 2v2h-1.5V2a.5.5 0 0 0-.5-.5H8V0h2Z\" \/>\n\t\t\t<\/svg>\n\t\t<\/button><\/figure>\n<\/div>\n\n\n\n<div class=\"wp-block-column is-layout-flow wp-block-column-is-layout-flow\">\n<figure data-wp-context=\"{&quot;imageId&quot;:&quot;69f3d6dd12703&quot;}\" data-wp-interactive=\"core\/image\" data-wp-key=\"69f3d6dd12703\" class=\"wp-block-image size-full wp-lightbox-container\"><img loading=\"lazy\" decoding=\"async\" width=\"799\" height=\"600\" data-wp-class--hide=\"state.isContentHidden\" data-wp-class--show=\"state.isContentVisible\" data-wp-init=\"callbacks.setButtonStyles\" data-wp-on--click=\"actions.showLightbox\" data-wp-on--load=\"callbacks.setButtonStyles\" data-wp-on--pointerdown=\"actions.preloadImage\" data-wp-on--pointerenter=\"actions.preloadImageWithDelay\" data-wp-on--pointerleave=\"actions.cancelPreload\" data-wp-on-window--resize=\"callbacks.setButtonStyles\" src=\"https:\/\/mediation.eveha.fr\/wp-content\/uploads\/2023\/12\/GAF5.png\" alt=\"eveha mediation gaf eac pass culture\" class=\"wp-image-686\"\/><button\n\t\t\tclass=\"lightbox-trigger\"\n\t\t\ttype=\"button\"\n\t\t\taria-haspopup=\"dialog\"\n\t\t\tdata-wp-bind--aria-label=\"state.thisImage.triggerButtonAriaLabel\"\n\t\t\tdata-wp-init=\"callbacks.initTriggerButton\"\n\t\t\tdata-wp-on--click=\"actions.showLightbox\"\n\t\t\tdata-wp-style--right=\"state.thisImage.buttonRight\"\n\t\t\tdata-wp-style--top=\"state.thisImage.buttonTop\"\n\t\t>\n\t\t\t<svg xmlns=\"http:\/\/www.w3.org\/2000\/svg\" width=\"12\" height=\"12\" fill=\"none\" viewBox=\"0 0 12 12\">\n\t\t\t\t<path fill=\"#fff\" d=\"M2 0a2 2 0 0 0-2 2v2h1.5V2a.5.5 0 0 1 .5-.5h2V0H2Zm2 10.5H2a.5.5 0 0 1-.5-.5V8H0v2a2 2 0 0 0 2 2h2v-1.5ZM8 12v-1.5h2a.5.5 0 0 0 .5-.5V8H12v2a2 2 0 0 1-2 2H8Zm2-12a2 2 0 0 1 2 2v2h-1.5V2a.5.5 0 0 0-.5-.5H8V0h2Z\" \/>\n\t\t\t<\/svg>\n\t\t<\/button><\/figure>\n<\/div>\n\n\n\n<div class=\"wp-block-column is-layout-flow wp-block-column-is-layout-flow\">\n<figure data-wp-context=\"{&quot;imageId&quot;:&quot;69f3d6dd12b6f&quot;}\" data-wp-interactive=\"core\/image\" data-wp-key=\"69f3d6dd12b6f\" class=\"wp-block-image size-full wp-lightbox-container\"><img loading=\"lazy\" decoding=\"async\" width=\"799\" height=\"600\" data-wp-class--hide=\"state.isContentHidden\" data-wp-class--show=\"state.isContentVisible\" data-wp-init=\"callbacks.setButtonStyles\" data-wp-on--click=\"actions.showLightbox\" data-wp-on--load=\"callbacks.setButtonStyles\" data-wp-on--pointerdown=\"actions.preloadImage\" data-wp-on--pointerenter=\"actions.preloadImageWithDelay\" data-wp-on--pointerleave=\"actions.cancelPreload\" data-wp-on-window--resize=\"callbacks.setButtonStyles\" src=\"https:\/\/mediation.eveha.fr\/wp-content\/uploads\/2023\/12\/Faites_parler_les_morts4.png\" alt=\"eveha mediation eac fouilles\" class=\"wp-image-749\"\/><button\n\t\t\tclass=\"lightbox-trigger\"\n\t\t\ttype=\"button\"\n\t\t\taria-haspopup=\"dialog\"\n\t\t\tdata-wp-bind--aria-label=\"state.thisImage.triggerButtonAriaLabel\"\n\t\t\tdata-wp-init=\"callbacks.initTriggerButton\"\n\t\t\tdata-wp-on--click=\"actions.showLightbox\"\n\t\t\tdata-wp-style--right=\"state.thisImage.buttonRight\"\n\t\t\tdata-wp-style--top=\"state.thisImage.buttonTop\"\n\t\t>\n\t\t\t<svg xmlns=\"http:\/\/www.w3.org\/2000\/svg\" width=\"12\" height=\"12\" fill=\"none\" viewBox=\"0 0 12 12\">\n\t\t\t\t<path fill=\"#fff\" d=\"M2 0a2 2 0 0 0-2 2v2h1.5V2a.5.5 0 0 1 .5-.5h2V0H2Zm2 10.5H2a.5.5 0 0 1-.5-.5V8H0v2a2 2 0 0 0 2 2h2v-1.5ZM8 12v-1.5h2a.5.5 0 0 0 .5-.5V8H12v2a2 2 0 0 1-2 2H8Zm2-12a2 2 0 0 1 2 2v2h-1.5V2a.5.5 0 0 0-.5-.5H8V0h2Z\" \/>\n\t\t\t<\/svg>\n\t\t<\/button><\/figure>\n<\/div>\n<\/div>\n","protected":false},"excerpt":{"rendered":"<p>Faites GAF ! Partons \u00e0 la d\u00e9couverte DES ARCHIVES DE FOUILLES Lors de la construction d\u2019une annexe du lyc\u00e9e Van Gogh \u00e0 Ermont (95), une fouille arch\u00e9ologique pr\u00e9ventive a r\u00e9v\u00e9l\u00e9 les vestiges d\u2019une ferme gauloise et d\u2019une villa gallo-romaine. Parmi ces d\u00e9couvertes, un puits a \u00e9t\u00e9 fouill\u00e9 en urgence : il a livr\u00e9 un mobilier [&hellip;]<\/p>\n","protected":false},"author":5,"featured_media":0,"parent":0,"menu_order":0,"comment_status":"closed","ping_status":"closed","template":"","meta":{"_crdt_document":"","inline_featured_image":false,"footnotes":""},"class_list":["post-674","page","type-page","status-publish","hentry"],"_links":{"self":[{"href":"https:\/\/mediation.eveha.fr\/index.php\/wp-json\/wp\/v2\/pages\/674","targetHints":{"allow":["GET"]}}],"collection":[{"href":"https:\/\/mediation.eveha.fr\/index.php\/wp-json\/wp\/v2\/pages"}],"about":[{"href":"https:\/\/mediation.eveha.fr\/index.php\/wp-json\/wp\/v2\/types\/page"}],"author":[{"embeddable":true,"href":"https:\/\/mediation.eveha.fr\/index.php\/wp-json\/wp\/v2\/users\/5"}],"replies":[{"embeddable":true,"href":"https:\/\/mediation.eveha.fr\/index.php\/wp-json\/wp\/v2\/comments?post=674"}],"version-history":[{"count":30,"href":"https:\/\/mediation.eveha.fr\/index.php\/wp-json\/wp\/v2\/pages\/674\/revisions"}],"predecessor-version":[{"id":3942,"href":"https:\/\/mediation.eveha.fr\/index.php\/wp-json\/wp\/v2\/pages\/674\/revisions\/3942"}],"wp:attachment":[{"href":"https:\/\/mediation.eveha.fr\/index.php\/wp-json\/wp\/v2\/media?parent=674"}],"curies":[{"name":"wp","href":"https:\/\/api.w.org\/{rel}","templated":true}]}}