{"id":59,"date":"2023-08-11T12:34:00","date_gmt":"2023-08-11T10:34:00","guid":{"rendered":"https:\/\/mediationdev.eveha.fr\/?page_id=59"},"modified":"2025-12-10T17:08:28","modified_gmt":"2025-12-10T16:08:28","slug":"accueil","status":"publish","type":"page","link":"https:\/\/mediation.eveha.fr\/index.php\/accueil\/","title":{"rendered":"Qui sommes-nous ?"},"content":{"rendered":"\n<p class=\"has-text-align-center has-small-font-size wp-block-paragraph\">Cr\u00e9\u00e9 en 2011, le service de m\u00e9diation d&rsquo;\u00c9veha accompagne depuis lors la recherche arch\u00e9ologique pour la partager au plus grand nombre (groupes scolaires et p\u00e9riscolaires, grand public, \u00e9lus, am\u00e9nageurs&#8230;).<\/p>\n\n\n\n<p class=\"has-text-align-center has-small-font-size wp-block-paragraph\">Transmettre des connaissances, <strong>rendre accessibles et compr\u00e9hensibles les m\u00e9tiers de l&rsquo;arch\u00e9ologie<\/strong> ou encore <strong>promouvoir le patrimoine historique et arch\u00e9ologique<\/strong> sont au c\u0153ur de nos valeurs !<\/p>\n\n\n\n<div style=\"height:29px\" aria-hidden=\"true\" class=\"wp-block-spacer\"><\/div>\n\n\n\n<div class=\"wp-block-group alignfull has-background has-global-padding is-layout-constrained wp-block-group-is-layout-constrained\" style=\"background-color:#bbe9fa\">\n<div class=\"wp-block-columns is-layout-flex wp-container-core-columns-is-layout-b91472e3 wp-block-columns-is-layout-flex\">\n<div class=\"wp-block-column is-layout-flow wp-container-core-column-is-layout-2751c923 wp-block-column-is-layout-flow\" style=\"padding-top:0;padding-right:0;padding-bottom:0;padding-left:0\">\n<div style=\"height:39px\" aria-hidden=\"true\" class=\"wp-block-spacer\"><\/div>\n\n\n\n<h2 class=\"wp-block-heading has-text-align-center has-large-font-size\"><strong>Nos missions<\/strong><\/h2>\n\n\n\n<div style=\"height:23px\" aria-hidden=\"true\" class=\"wp-block-spacer\"><\/div>\n\n\n\n<ul class=\"wp-block-list has-small-font-size\">\n<li>R\u00e9aliser des <strong>supports graphiques de valorisation<\/strong> (d\u00e9pliants, restitutions 3D, vid\u00e9os, etc.), <strong>des ateliers et des outils <\/strong>de m\u00e9diation (modules, simulateurs, jeux, etc.) adapt\u00e9s \u00e0 chaque prestataire.<br><\/li>\n\n\n\n<li>Partager nos comp\u00e9tences par<strong> la formation <\/strong>aupr\u00e8s des professionnels et<strong> l&rsquo;animation d&rsquo;ateliers<\/strong> (EAC, etc.).<br><\/li>\n\n\n\n<li>Effectuer <strong>la mise en valeur des sites arch\u00e9ologiques<\/strong> (visites des sites arch\u00e9ologiques, animations, expositions).<br><\/li>\n\n\n\n<li>\u00c9tablir <strong>des partenariats<\/strong> dans la dur\u00e9e avec les am\u00e9nageurs, les collectivit\u00e9s, les \u00e9tablissements scolaires et les mus\u00e9es.<br><\/li>\n<\/ul>\n\n\n\n<div style=\"height:17px\" aria-hidden=\"true\" class=\"wp-block-spacer\"><\/div>\n\n\n\n<div style=\"height:16px\" aria-hidden=\"true\" class=\"wp-block-spacer\"><\/div>\n<\/div>\n\n\n\n<div class=\"wp-block-column is-vertically-aligned-center is-layout-flow wp-container-core-column-is-layout-272d35a4 wp-block-column-is-layout-flow\" style=\"padding-right:0;padding-left:0\">\n<div style=\"height:12px\" aria-hidden=\"true\" class=\"wp-block-spacer\"><\/div>\n\n\n\n<figure class=\"wp-block-image size-full is-resized\"><img loading=\"lazy\" decoding=\"async\" width=\"2880\" height=\"2292\" src=\"https:\/\/mediation.eveha.fr\/wp-content\/uploads\/2024\/01\/P1010352.jpg\" alt=\"M\u00e9diation \u00c9veha\" class=\"wp-image-1327\" style=\"width:478px;height:auto\"\/><\/figure>\n\n\n\n<div style=\"height:29px\" aria-hidden=\"true\" class=\"wp-block-spacer\"><\/div>\n\n\n\n<div style=\"height:29px\" aria-hidden=\"true\" class=\"wp-block-spacer\"><\/div>\n<\/div>\n<\/div>\n<\/div>\n\n\n\n<div class=\"wp-block-group alignfull has-background has-global-padding is-layout-constrained wp-container-core-group-is-layout-a553fc67 wp-block-group-is-layout-constrained\" style=\"background:linear-gradient(180deg,rgb(120,135,75) 0%,rgb(93,107,57) 100%);margin-top:0;margin-bottom:0;padding-top:0;padding-right:0;padding-bottom:0;padding-left:0\">\n<div class=\"wp-block-columns is-layout-flex wp-container-core-columns-is-layout-b91472e3 wp-block-columns-is-layout-flex\">\n<div class=\"wp-block-column is-layout-flow wp-container-core-column-is-layout-ac79ae75 wp-block-column-is-layout-flow\"><div  id=\"jtg-1662\" class=\"modula modula-gallery modula-columns\" data-config=\"{&quot;tabletHeight&quot;:300,&quot;mobileHeight&quot;:200,&quot;desktopHeight&quot;:350,&quot;enableTwitter&quot;:false,&quot;enableWhatsapp&quot;:false,&quot;enableFacebook&quot;:false,&quot;enablePinterest&quot;:false,&quot;enableLinkedin&quot;:false,&quot;enableEmail&quot;:false,&quot;randomFactor&quot;:0.5,&quot;type&quot;:&quot;grid&quot;,&quot;columns&quot;:12,&quot;gutter&quot;:10,&quot;mobileGutter&quot;:10,&quot;tabletGutter&quot;:10,&quot;desktopGutter&quot;:10,&quot;enableResponsive&quot;:&quot;0&quot;,&quot;tabletColumns&quot;:2,&quot;mobileColumns&quot;:1,&quot;lazyLoad&quot;:0,&quot;lightboxOpts&quot;:{&quot;animated&quot;:true,&quot;Thumbs&quot;:{&quot;type&quot;:&quot;modern&quot;,&quot;showOnStart&quot;:false},&quot;Toolbar&quot;:{&quot;display&quot;:{&quot;right&quot;:[&quot;close&quot;]},&quot;enabled&quot;:true},&quot;Carousel&quot;:{&quot;Panzoom&quot;:{&quot;touch&quot;:true},&quot;infinite&quot;:false},&quot;keyboard&quot;:{&quot;Escape&quot;:&quot;close&quot;,&quot;Delete&quot;:&quot;close&quot;,&quot;Backspace&quot;:&quot;close&quot;,&quot;PageUp&quot;:false,&quot;PageDown&quot;:false,&quot;ArrowUp&quot;:false,&quot;ArrowDown&quot;:false,&quot;ArrowRight&quot;:false,&quot;ArrowLeft&quot;:false},&quot;touch&quot;:false,&quot;backdropClick&quot;:false,&quot;l10n&quot;:{&quot;CLOSE&quot;:&quot;Close&quot;,&quot;NEXT&quot;:&quot;Next&quot;,&quot;PREV&quot;:&quot;Previous&quot;,&quot;Error&quot;:&quot;The requested content cannot be loaded. Please try again later.&quot;,&quot;PLAY_START&quot;:&quot;Start slideshow&quot;,&quot;PLAY_STOP&quot;:&quot;Pause slideshow&quot;,&quot;FULL_SCREEN&quot;:&quot;Full screen&quot;,&quot;THUMBS&quot;:&quot;Thumbnails&quot;,&quot;DOWNLOAD&quot;:&quot;Download&quot;,&quot;SHARE&quot;:&quot;Share&quot;,&quot;ZOOM&quot;:&quot;Zoom&quot;,&quot;EMAIL&quot;:&quot;Here is the link to the image : %%image_link%% and this is the link to the gallery : %%gallery_link%%&quot;,&quot;MODAL&quot;:&quot;You can close this modal content with the ESC key&quot;,&quot;ERROR&quot;:&quot;Something Went Wrong, Please Try Again Later&quot;,&quot;IMAGE_ERROR&quot;:&quot;Image Not Found&quot;,&quot;ELEMENT_NOT_FOUND&quot;:&quot;HTML Element Not Found&quot;,&quot;AJAX_NOT_FOUND&quot;:&quot;Error Loading AJAX : Not Found&quot;,&quot;AJAX_FORBIDDEN&quot;:&quot;Error Loading AJAX : Forbidden&quot;,&quot;IFRAME_ERROR&quot;:&quot;Error Loading Page&quot;,&quot;TOGGLE_ZOOM&quot;:&quot;Toggle zoom level&quot;,&quot;TOGGLE_THUMBS&quot;:&quot;Toggle thumbnails&quot;,&quot;TOGGLE_SLIDESHOW&quot;:&quot;Toggle slideshow&quot;,&quot;TOGGLE_FULLSCREEN&quot;:&quot;Toggle full-screen mode&quot;},&quot;Images&quot;:{&quot;Panzoom&quot;:{&quot;maxScale&quot;:2}},&quot;mainClass&quot;:&quot;modula-fancybox-container modula-lightbox-jtg-1662&quot;,&quot;Html&quot;:{&quot;videoAutoplay&quot;:0,&quot;videoTpl&quot;:&quot;&lt;video class=\\&quot;fancybox__html5video\\&quot; controls muted playsinline controlsList controlsList=\\&quot;nodownload\\&quot; poster=\\&quot;{{poster}}\\&quot; src=\\&quot;{{src}}\\&quot; type=\\&quot;{{format}}\\&quot; &gt;  Sorry, your browser doesn&#039;t support embedded videos, &lt;a href=\\&quot;{{src}}\\&quot;&gt; download &lt;\\\/a&gt; and watch with your favorite video player! &lt;\\\/video&gt;&quot;}},&quot;inView&quot;:false,&quot;email_subject&quot;:&quot;Check out this awesome image !!&quot;,&quot;email_message&quot;:&quot;Here is the link to the image : %%image_link%% and this is the link to the gallery : %%gallery_link%%&quot;,&quot;grid_type&quot;:&quot;3&quot;,&quot;rowHeight&quot;:200,&quot;lastRow&quot;:&quot;justify&quot;,&quot;lightbox&quot;:&quot;no-link&quot;}\">\n\n\t<div class=\"modula-grid-sizer\"> <\/div>\n\t<div  class=\"modula-items grid-gallery\">\n\t\t<div class=\"modula-item\" >\n\t<div class=\"modula-item-content\">\n\t\t\n\t\t\n\t\t<img loading=\"lazy\" decoding=\"async\" class=\"pic wp-image-2268\"  data-valign=\"middle\" data-halign=\"center\" alt=\"\" data-full=\"https:\/\/mediation.eveha.fr\/wp-content\/uploads\/2024\/03\/IMG_20240305_142930.resized.jpg\" title=\"IMG_20240305_142930.resized\" crop=\"\" width=\"720\" height=\"960\" src=\"https:\/\/mediation.eveha.fr\/wp-content\/uploads\/2024\/03\/IMG_20240305_142930.resized.jpg\" data-src=\"https:\/\/mediation.eveha.fr\/wp-content\/uploads\/2024\/03\/IMG_20240305_142930.resized.jpg\" data-caption=\"\"\/>\n\t<\/div>\n\n<\/div><div class=\"modula-item\" >\n\t<div class=\"modula-item-content\">\n\t\t\n\t\t\n\t\t<img loading=\"lazy\" decoding=\"async\" class=\"pic wp-image-2266\"  data-valign=\"middle\" data-halign=\"center\" alt=\"eveha mediation eac pass culture archeologie\" data-full=\"https:\/\/mediation.eveha.fr\/wp-content\/uploads\/2024\/03\/equipe_nolwenn.jpeg\" title=\"equipe_nolwenn\" crop=\"\" width=\"768\" height=\"1024\" src=\"https:\/\/mediation.eveha.fr\/wp-content\/uploads\/2024\/03\/equipe_nolwenn.jpeg\" data-src=\"https:\/\/mediation.eveha.fr\/wp-content\/uploads\/2024\/03\/equipe_nolwenn.jpeg\" data-caption=\"eveha mediation eac pass culture archeologie\" srcset=\"https:\/\/mediation.eveha.fr\/wp-content\/uploads\/2024\/03\/equipe_nolwenn.jpeg 1500w, https:\/\/mediation.eveha.fr\/wp-content\/uploads\/2024\/03\/equipe_nolwenn-768x1024.jpeg 768w\" sizes=\"auto, (max-width: 768px) 100vw, 768px\" \/>\n\t<\/div>\n\n<\/div><div class=\"modula-item\" >\n\t<div class=\"modula-item-content\">\n\t\t\n\t\t\n\t\t<img loading=\"lazy\" decoding=\"async\" class=\"pic wp-image-2270\"  data-valign=\"middle\" data-halign=\"center\" alt=\"\" data-full=\"https:\/\/mediation.eveha.fr\/wp-content\/uploads\/2024\/03\/equipe_eveha.resized.jpg\" title=\"equipe_eveha.resized\" crop=\"\" width=\"1024\" height=\"748\" src=\"https:\/\/mediation.eveha.fr\/wp-content\/uploads\/2024\/03\/equipe_eveha.resized.jpg\" data-src=\"https:\/\/mediation.eveha.fr\/wp-content\/uploads\/2024\/03\/equipe_eveha.resized.jpg\" data-caption=\"\" srcset=\"https:\/\/mediation.eveha.fr\/wp-content\/uploads\/2024\/03\/equipe_eveha.resized.jpg 2464w, https:\/\/mediation.eveha.fr\/wp-content\/uploads\/2024\/03\/equipe_eveha.resized-1024x748.jpg 1024w\" sizes=\"auto, (max-width: 1024px) 100vw, 1024px\" \/>\n\t<\/div>\n\n<\/div><div class=\"modula-item\" >\n\t<div class=\"modula-item-content\">\n\t\t\n\t\t\n\t\t<img loading=\"lazy\" decoding=\"async\" class=\"pic wp-image-2650\"  data-valign=\"middle\" data-halign=\"center\" alt=\"\" data-full=\"https:\/\/mediation.eveha.fr\/wp-content\/uploads\/2024\/03\/FDS.resized.png\" title=\"FDS.resized\" crop=\"\" width=\"1024\" height=\"768\" src=\"https:\/\/mediation.eveha.fr\/wp-content\/uploads\/2024\/03\/FDS.resized.png\" data-src=\"https:\/\/mediation.eveha.fr\/wp-content\/uploads\/2024\/03\/FDS.resized.png\" data-caption=\"\"\/>\n\t<\/div>\n\n<\/div><div class=\"modula-item\" >\n\t<div class=\"modula-item-content\">\n\t\t\n\t\t\n\t\t<img loading=\"lazy\" decoding=\"async\" class=\"pic wp-image-2283\"  data-valign=\"middle\" data-halign=\"center\" alt=\"\" data-full=\"https:\/\/mediation.eveha.fr\/wp-content\/uploads\/2024\/03\/IMG_1443egligny.resized-1.jpg\" title=\"IMG_1443egligny.resized\" crop=\"\" width=\"758\" height=\"758\" src=\"https:\/\/mediation.eveha.fr\/wp-content\/uploads\/2024\/03\/IMG_1443egligny.resized-1.jpg\" data-src=\"https:\/\/mediation.eveha.fr\/wp-content\/uploads\/2024\/03\/IMG_1443egligny.resized-1.jpg\" data-caption=\"\"\/>\n\t<\/div>\n\n<\/div><div class=\"modula-item\" >\n\t<div class=\"modula-item-content\">\n\t\t\n\t\t\n\t\t<img loading=\"lazy\" decoding=\"async\" class=\"pic wp-image-2284\"  data-valign=\"middle\" data-halign=\"center\" alt=\"mediation archeologie eveha\" data-full=\"https:\/\/mediation.eveha.fr\/wp-content\/uploads\/2024\/03\/IMG_20230504_112300.resized-1.jpg\" title=\"IMG_20230504_112300.resized\" crop=\"\" width=\"960\" height=\"960\" src=\"https:\/\/mediation.eveha.fr\/wp-content\/uploads\/2024\/03\/IMG_20230504_112300.resized-1.jpg\" data-src=\"https:\/\/mediation.eveha.fr\/wp-content\/uploads\/2024\/03\/IMG_20230504_112300.resized-1.jpg\" data-caption=\"mediation archeologie eveha\"\/>\n\t<\/div>\n\n<\/div><div class=\"modula-item\" >\n\t<div class=\"modula-item-content\">\n\t\t\n\t\t\n\t\t<img loading=\"lazy\" decoding=\"async\" class=\"pic wp-image-2350\"  data-valign=\"middle\" data-halign=\"center\" alt=\"eveha mediation passculture\" data-full=\"https:\/\/mediation.eveha.fr\/wp-content\/uploads\/2024\/03\/panneau-sentier-interpretation1.resized.jpg\" title=\"panneau-sentier-interpretation1.resized\" crop=\"\" width=\"1024\" height=\"768\" src=\"https:\/\/mediation.eveha.fr\/wp-content\/uploads\/2024\/03\/panneau-sentier-interpretation1.resized.jpg\" data-src=\"https:\/\/mediation.eveha.fr\/wp-content\/uploads\/2024\/03\/panneau-sentier-interpretation1.resized.jpg\" data-caption=\"eveha mediation passculture\" srcset=\"https:\/\/mediation.eveha.fr\/wp-content\/uploads\/2024\/03\/panneau-sentier-interpretation1.resized.jpg 1280w, https:\/\/mediation.eveha.fr\/wp-content\/uploads\/2024\/03\/panneau-sentier-interpretation1.resized-1024x768.jpg 1024w\" sizes=\"auto, (max-width: 1024px) 100vw, 1024px\" \/>\n\t<\/div>\n\n<\/div>\t\t\n\t<\/div>\n\n\t\n\t\n\t<script type=\"application\/ld+json\">\n\t{\n\t\t\"@context\": \"http:\/\/schema.org\",\n\t\t\"@type\"   : \"ImageGallery\",\n\t\t\"id\"      : \"https:\/\/mediation.eveha.fr\/index.php\/accueil\/\",\n\t\t\"url\"     : \"https:\/\/mediation.eveha.fr\/index.php\/accueil\/\"\n\t}\n\n\t<\/script>\n\n\t\n<\/div>\n<\/div>\n\n\n\n<div class=\"wp-block-column is-layout-flow wp-container-core-column-is-layout-00e661db wp-block-column-is-layout-flow\" style=\"padding-top:0;padding-right:0;padding-bottom:0;padding-left:0\">\n<div style=\"height:29px\" aria-hidden=\"true\" class=\"wp-block-spacer\"><\/div>\n\n\n\n<h4 class=\"wp-block-heading has-text-align-center has-base-color has-text-color has-link-color wp-elements-c7e6be08765bd1e5d033fa0475cfba1e\"><strong>Notre \u00e9quipe<\/strong><\/h4>\n\n\n\n<div style=\"height:29px\" aria-hidden=\"true\" class=\"wp-block-spacer\"><\/div>\n\n\n\n<p class=\"has-base-color has-text-color has-link-color has-small-font-size wp-elements-36c81273de2fe8b154ad5d9c1b27556a wp-block-paragraph\">Notre \u00e9quipe est constitu\u00e9e de deux m\u00e9diatrices, d&rsquo;un charg\u00e9 de communication, d&rsquo;un infographiste 3D et d&rsquo;une vingtaine de r\u00e9f\u00e9rents.<br><br>Form\u00e9e pour r\u00e9pondre \u00e0 tous vos besoins, <strong>notre \u00e9quipe s&rsquo;engage \u00e0 vous proposer une offre de m\u00e9diation de qualit\u00e9 adapt\u00e9e \u00e0 vos demandes.<\/strong><\/p>\n\n\n\n<div style=\"height:29px\" aria-hidden=\"true\" class=\"wp-block-spacer\"><\/div>\n<\/div>\n<\/div>\n<\/div>\n\n\n\n<div style=\"height:59px\" aria-hidden=\"true\" class=\"wp-block-spacer\"><\/div>\n\n\n\n<div class=\"wp-block-columns is-layout-flex wp-container-core-columns-is-layout-b91472e3 wp-block-columns-is-layout-flex\">\n<div class=\"wp-block-column is-layout-flow wp-container-core-column-is-layout-ac79ae75 wp-block-column-is-layout-flow\">\n<h4 class=\"wp-block-heading has-text-align-center\"><strong>Nos agences<\/strong><\/h4>\n\n\n\n<p class=\"wp-block-paragraph\"><\/p>\n\n\n\n<p class=\"wp-block-paragraph\">Nous sommes pr\u00e8s de chez vous !<\/p>\n\n\n\n<p class=\"has-small-font-size wp-block-paragraph\">\u00c9veha dispose de&nbsp;<strong>quatorze agences r\u00e9gionales<\/strong>&nbsp;r\u00e9parties sur l\u2019ensemble du territoire, en m\u00e9tropole et outre-mer : ce d\u00e9ploiement permet de proposer <strong>nos m\u00e9diations au plus proche de chaque territoire.<\/strong><\/p>\n\n\n\n<p class=\"wp-block-paragraph\"><\/p>\n<\/div>\n\n\n\n<div class=\"wp-block-column is-layout-flow wp-container-core-column-is-layout-ac79ae75 wp-block-column-is-layout-flow\">\n<figure class=\"wp-block-image size-full\"><img loading=\"lazy\" decoding=\"async\" width=\"636\" height=\"552\" src=\"https:\/\/mediation.eveha.fr\/wp-content\/uploads\/2024\/04\/carte-ok-2024-nom.svg\" alt=\"carte agences \u00c9veha\" class=\"wp-image-2696\" style=\"object-fit:cover\"\/><\/figure>\n<\/div>\n<\/div>\n","protected":false},"excerpt":{"rendered":"<p>Cr\u00e9\u00e9 en 2011, le service de m\u00e9diation d&rsquo;\u00c9veha accompagne depuis lors la recherche arch\u00e9ologique pour la partager au plus grand nombre (groupes scolaires et p\u00e9riscolaires, grand public, \u00e9lus, am\u00e9nageurs&#8230;). Transmettre des connaissances, rendre accessibles et compr\u00e9hensibles les m\u00e9tiers de l&rsquo;arch\u00e9ologie ou encore promouvoir le patrimoine historique et arch\u00e9ologique sont au c\u0153ur de nos valeurs ! [&hellip;]<\/p>\n","protected":false},"author":3,"featured_media":0,"parent":0,"menu_order":0,"comment_status":"closed","ping_status":"closed","template":"","meta":{"_crdt_document":"","inline_featured_image":false,"footnotes":""},"class_list":["post-59","page","type-page","status-publish","hentry"],"_links":{"self":[{"href":"https:\/\/mediation.eveha.fr\/index.php\/wp-json\/wp\/v2\/pages\/59","targetHints":{"allow":["GET"]}}],"collection":[{"href":"https:\/\/mediation.eveha.fr\/index.php\/wp-json\/wp\/v2\/pages"}],"about":[{"href":"https:\/\/mediation.eveha.fr\/index.php\/wp-json\/wp\/v2\/types\/page"}],"author":[{"embeddable":true,"href":"https:\/\/mediation.eveha.fr\/index.php\/wp-json\/wp\/v2\/users\/3"}],"replies":[{"embeddable":true,"href":"https:\/\/mediation.eveha.fr\/index.php\/wp-json\/wp\/v2\/comments?post=59"}],"version-history":[{"count":103,"href":"https:\/\/mediation.eveha.fr\/index.php\/wp-json\/wp\/v2\/pages\/59\/revisions"}],"predecessor-version":[{"id":3890,"href":"https:\/\/mediation.eveha.fr\/index.php\/wp-json\/wp\/v2\/pages\/59\/revisions\/3890"}],"wp:attachment":[{"href":"https:\/\/mediation.eveha.fr\/index.php\/wp-json\/wp\/v2\/media?parent=59"}],"curies":[{"name":"wp","href":"https:\/\/api.w.org\/{rel}","templated":true}]}}