{"id":3530,"date":"2025-01-08T14:52:28","date_gmt":"2025-01-08T13:52:28","guid":{"rendered":"https:\/\/mediation.eveha.fr\/?page_id=3530"},"modified":"2025-09-15T09:37:08","modified_gmt":"2025-09-15T07:37:08","slug":"soyons-fouille-de-la-maternelle-au-cm2","status":"publish","type":"page","link":"https:\/\/mediation.eveha.fr\/index.php\/soyons-fouille-de-la-maternelle-au-cm2\/","title":{"rendered":"Soyons fouilles de la maternelle au CM2 !"},"content":{"rendered":"\n<div class=\"wp-block-group alignfull has-background has-global-padding is-layout-constrained wp-container-core-group-is-layout-6905ac29 wp-block-group-is-layout-constrained\" style=\"background-color:#e57373\">\n<div class=\"wp-block-columns is-layout-flex wp-container-core-columns-is-layout-68f3161d wp-block-columns-is-layout-flex\" style=\"margin-top:0;margin-bottom:0;padding-top:0;padding-right:0;padding-bottom:0;padding-left:0\">\n<div class=\"wp-block-column is-vertically-aligned-center is-layout-flow wp-container-core-column-is-layout-2751c923 wp-block-column-is-layout-flow\" style=\"padding-top:0;padding-right:0;padding-bottom:0;padding-left:0\">\n<div style=\"height:41px\" aria-hidden=\"true\" class=\"wp-block-spacer\"><\/div>\n\n\n\n<h3 class=\"wp-block-heading has-text-align-center has-white-color has-text-color has-link-color has-large-font-size wp-elements-5b2e67b80eb67e17fe13210b59c692ca\" style=\"text-transform:none\"><strong>Soyons fouilles de la maternelle au CM2 !<\/strong><\/h3>\n\n\n\n<div style=\"height:41px\" aria-hidden=\"true\" class=\"wp-block-spacer\"><\/div>\n\n\n\n<figure class=\"wp-block-image size-full\"><img loading=\"lazy\" decoding=\"async\" width=\"1028\" height=\"578\" src=\"https:\/\/mediation.eveha.fr\/wp-content\/uploads\/2025\/01\/2024-eac-ussel-4.jpg\" alt=\"\" class=\"wp-image-3531\" style=\"aspect-ratio:1;object-fit:contain\" srcset=\"https:\/\/mediation.eveha.fr\/wp-content\/uploads\/2025\/01\/2024-eac-ussel-4.jpg 1028w, https:\/\/mediation.eveha.fr\/wp-content\/uploads\/2025\/01\/2024-eac-ussel-4-300x169.jpg 300w, https:\/\/mediation.eveha.fr\/wp-content\/uploads\/2025\/01\/2024-eac-ussel-4-1024x576.jpg 1024w, https:\/\/mediation.eveha.fr\/wp-content\/uploads\/2025\/01\/2024-eac-ussel-4-768x432.jpg 768w\" sizes=\"auto, (max-width: 1028px) 100vw, 1028px\" \/><\/figure>\n<\/div>\n\n\n\n<div class=\"wp-block-column is-layout-flow wp-container-core-column-is-layout-c06199db wp-block-column-is-layout-flow\" style=\"padding-top:0;padding-right:0;padding-bottom:0;padding-left:0\">\n<div style=\"height:41px\" aria-hidden=\"true\" class=\"wp-block-spacer\"><\/div>\n\n\n\n<h5 class=\"wp-block-heading has-text-align-left has-base-color has-text-color has-link-color has-medium-font-size wp-elements-9afdafb3d3ffbeba32b98f0ca7bd5b2f\" style=\"text-transform:none\"><strong>D\u00c9TERRONS LE PASS\u00c9<\/strong><\/h5>\n\n\n\n<div style=\"height:41px\" aria-hidden=\"true\" class=\"wp-block-spacer\"><\/div>\n\n\n\n<p class=\"has-base-color has-text-color has-link-color has-medium-font-size wp-elements-aa977c2612a7f49022a7971c5c1323c5 wp-block-paragraph\"><strong>Pour les maternelles cet atelier vise \u00e0 initier les tr\u00e8s jeunes enfants \u00e0 la d\u00e9couverte de l\u2019arch\u00e9ologie<\/strong>. Les enfants auront l&rsquo;occasion de d\u00e9finir le m\u00e9tier d\u2019arch\u00e9ologue en le comparant \u00e0 d&rsquo;autres m\u00e9tiers travaillant la terre, de comprendre les r\u00f4les des membres d\u2019une \u00e9quipe de fouille : le responsable d&rsquo;op\u00e9ration, le topographe, etc. Ils se familiariseront avec les outils de fouille et avec le mobilier arch\u00e9ologique, en \u00e9tudiant leur forme, leur texture au toucher, leur fonction, et leur lien avec nos objets du quotidien.<\/p>\n\n\n\n<p class=\"has-base-color has-text-color has-link-color has-medium-font-size wp-elements-7ec1c1e0580c05ded3fb1a648cb18175 wp-block-paragraph\"><strong>Du CP au CM2<\/strong><\/p>\n\n\n\n<p class=\"has-base-color has-text-color has-link-color has-medium-font-size wp-elements-99fe7b0cc92c66e05f3125bbc4a08550 wp-block-paragraph\">L&rsquo;atelier vise \u00e0 faire d\u00e9couvrir aux \u00e9l\u00e8ves la r\u00e9alit\u00e9 du m\u00e9tier d\u2019arch\u00e9ologue en se familiarisant avec les techniques de fouille, d\u2019enregistrement utilis\u00e9es sur le terrain et les diff\u00e9rents types de mobiliers arch\u00e9ologiques. \u00c0 la fin de l\u2019atelier, les \u00e9l\u00e8ves pourront r\u00e9pondre \u00e0 plusieurs questions : de qui se compose une \u00e9quipe arch\u00e9ologique, comment s\u2019organise un chantier de fouille, quels types de vestiges et de mobiliers peuvent \u00eatre d\u00e9couverts sur un site, comment r\u00e9alise-t-on l\u2019enregistrement sur le terrain \u00e0 travers la photographie et le dessin, et enfin, comment conditionne-t-on le mobilier arch\u00e9ologique mis au jour ?<\/p>\n\n\n\n<div style=\"height:41px\" aria-hidden=\"true\" class=\"wp-block-spacer\"><\/div>\n\n\n\n<ul class=\"wp-block-list has-base-color has-text-color has-link-color has-medium-font-size wp-elements-6942a10ff85c48769b7ce110e0a5a0d3\">\n<li><strong>Apprentissage et savoir-faire :<\/strong> les m\u00e9tiers<strong> <\/strong>de l&rsquo;arch\u00e9ologie, les techniques de fouille, l&rsquo;observation, la m\u00e9thodologie, l&rsquo;esprit d&rsquo;analyse et de synth\u00e8se<\/li>\n\n\n\n<li><strong>Dur\u00e9e <\/strong>: 1h30 \u00e0 2h<\/li>\n\n\n\n<li class=\"has-medium-font-size\"><strong>Lieu : <\/strong>salle de classe ou lieu d\u00e9di\u00e9 au sein de l&rsquo;\u00e9tablissement scolaire avec un espace suffisant permettant de d\u00e9ployer le mat\u00e9riel<\/li>\n\n\n\n<li><strong>Effectifs : <\/strong>classe enti\u00e8re<\/li>\n\n\n\n<li><strong>Besoins :<\/strong>tableau magn\u00e9tique, tables et chaises<\/li>\n\n\n\n<li><strong>Mat\u00e9riel fourni :  <\/strong>mat\u00e9riel p\u00e9dagogique (bacs de fouille, mallette et supports p\u00e9dagogiques)<\/li>\n<\/ul>\n\n\n\n<div style=\"height:41px\" aria-hidden=\"true\" class=\"wp-block-spacer\"><\/div>\n<\/div>\n<\/div>\n<\/div>\n\n\n\n<div style=\"height:100px\" aria-hidden=\"true\" class=\"wp-block-spacer\"><\/div>\n\n\n\n<div class=\"wp-block-columns is-layout-flex wp-container-core-columns-is-layout-b91472e3 wp-block-columns-is-layout-flex\">\n<div class=\"wp-block-column is-layout-flow wp-block-column-is-layout-flow\">\n<figure data-wp-context=\"{&quot;imageId&quot;:&quot;69f4c9cd18bbe&quot;}\" data-wp-interactive=\"core\/image\" data-wp-key=\"69f4c9cd18bbe\" class=\"wp-block-image size-large wp-lightbox-container\"><img loading=\"lazy\" decoding=\"async\" width=\"771\" height=\"1024\" data-wp-class--hide=\"state.isContentHidden\" data-wp-class--show=\"state.isContentVisible\" data-wp-init=\"callbacks.setButtonStyles\" data-wp-on--click=\"actions.showLightbox\" data-wp-on--load=\"callbacks.setButtonStyles\" data-wp-on--pointerdown=\"actions.preloadImage\" data-wp-on--pointerenter=\"actions.preloadImageWithDelay\" data-wp-on--pointerleave=\"actions.cancelPreload\" data-wp-on-window--resize=\"callbacks.setButtonStyles\" src=\"https:\/\/mediation.eveha.fr\/wp-content\/uploads\/2025\/01\/2024-ulis-02_EAC_-771x1024.jpg\" alt=\"\" class=\"wp-image-3532\" style=\"aspect-ratio:4\/3;object-fit:cover\" srcset=\"https:\/\/mediation.eveha.fr\/wp-content\/uploads\/2025\/01\/2024-ulis-02_EAC_-771x1024.jpg 771w, https:\/\/mediation.eveha.fr\/wp-content\/uploads\/2025\/01\/2024-ulis-02_EAC_-226x300.jpg 226w, https:\/\/mediation.eveha.fr\/wp-content\/uploads\/2025\/01\/2024-ulis-02_EAC_-768x1020.jpg 768w, https:\/\/mediation.eveha.fr\/wp-content\/uploads\/2025\/01\/2024-ulis-02_EAC_.jpg 1028w\" sizes=\"auto, (max-width: 771px) 100vw, 771px\" \/><button\n\t\t\tclass=\"lightbox-trigger\"\n\t\t\ttype=\"button\"\n\t\t\taria-haspopup=\"dialog\"\n\t\t\tdata-wp-bind--aria-label=\"state.thisImage.triggerButtonAriaLabel\"\n\t\t\tdata-wp-init=\"callbacks.initTriggerButton\"\n\t\t\tdata-wp-on--click=\"actions.showLightbox\"\n\t\t\tdata-wp-style--right=\"state.thisImage.buttonRight\"\n\t\t\tdata-wp-style--top=\"state.thisImage.buttonTop\"\n\t\t>\n\t\t\t<svg xmlns=\"http:\/\/www.w3.org\/2000\/svg\" width=\"12\" height=\"12\" fill=\"none\" viewBox=\"0 0 12 12\">\n\t\t\t\t<path fill=\"#fff\" d=\"M2 0a2 2 0 0 0-2 2v2h1.5V2a.5.5 0 0 1 .5-.5h2V0H2Zm2 10.5H2a.5.5 0 0 1-.5-.5V8H0v2a2 2 0 0 0 2 2h2v-1.5ZM8 12v-1.5h2a.5.5 0 0 0 .5-.5V8H12v2a2 2 0 0 1-2 2H8Zm2-12a2 2 0 0 1 2 2v2h-1.5V2a.5.5 0 0 0-.5-.5H8V0h2Z\" \/>\n\t\t\t<\/svg>\n\t\t<\/button><\/figure>\n<\/div>\n\n\n\n<div class=\"wp-block-column is-layout-flow wp-block-column-is-layout-flow\">\n<figure data-wp-context=\"{&quot;imageId&quot;:&quot;69f4c9cd19046&quot;}\" data-wp-interactive=\"core\/image\" data-wp-key=\"69f4c9cd19046\" class=\"wp-block-image size-large wp-lightbox-container\"><img loading=\"lazy\" decoding=\"async\" width=\"771\" height=\"1024\" data-wp-class--hide=\"state.isContentHidden\" data-wp-class--show=\"state.isContentVisible\" data-wp-init=\"callbacks.setButtonStyles\" data-wp-on--click=\"actions.showLightbox\" data-wp-on--load=\"callbacks.setButtonStyles\" data-wp-on--pointerdown=\"actions.preloadImage\" data-wp-on--pointerenter=\"actions.preloadImageWithDelay\" data-wp-on--pointerleave=\"actions.cancelPreload\" data-wp-on-window--resize=\"callbacks.setButtonStyles\" src=\"https:\/\/mediation.eveha.fr\/wp-content\/uploads\/2025\/01\/2024-ulis_EAC_03-771x1024.jpg\" alt=\"\" class=\"wp-image-3533\" style=\"aspect-ratio:4\/3;object-fit:cover\" srcset=\"https:\/\/mediation.eveha.fr\/wp-content\/uploads\/2025\/01\/2024-ulis_EAC_03-771x1024.jpg 771w, https:\/\/mediation.eveha.fr\/wp-content\/uploads\/2025\/01\/2024-ulis_EAC_03-226x300.jpg 226w, https:\/\/mediation.eveha.fr\/wp-content\/uploads\/2025\/01\/2024-ulis_EAC_03-768x1020.jpg 768w, https:\/\/mediation.eveha.fr\/wp-content\/uploads\/2025\/01\/2024-ulis_EAC_03-1157x1536.jpg 1157w, https:\/\/mediation.eveha.fr\/wp-content\/uploads\/2025\/01\/2024-ulis_EAC_03-1542x2048.jpg 1542w, https:\/\/mediation.eveha.fr\/wp-content\/uploads\/2025\/01\/2024-ulis_EAC_03-scaled.jpg 1928w\" sizes=\"auto, (max-width: 771px) 100vw, 771px\" \/><button\n\t\t\tclass=\"lightbox-trigger\"\n\t\t\ttype=\"button\"\n\t\t\taria-haspopup=\"dialog\"\n\t\t\tdata-wp-bind--aria-label=\"state.thisImage.triggerButtonAriaLabel\"\n\t\t\tdata-wp-init=\"callbacks.initTriggerButton\"\n\t\t\tdata-wp-on--click=\"actions.showLightbox\"\n\t\t\tdata-wp-style--right=\"state.thisImage.buttonRight\"\n\t\t\tdata-wp-style--top=\"state.thisImage.buttonTop\"\n\t\t>\n\t\t\t<svg xmlns=\"http:\/\/www.w3.org\/2000\/svg\" width=\"12\" height=\"12\" fill=\"none\" viewBox=\"0 0 12 12\">\n\t\t\t\t<path fill=\"#fff\" d=\"M2 0a2 2 0 0 0-2 2v2h1.5V2a.5.5 0 0 1 .5-.5h2V0H2Zm2 10.5H2a.5.5 0 0 1-.5-.5V8H0v2a2 2 0 0 0 2 2h2v-1.5ZM8 12v-1.5h2a.5.5 0 0 0 .5-.5V8H12v2a2 2 0 0 1-2 2H8Zm2-12a2 2 0 0 1 2 2v2h-1.5V2a.5.5 0 0 0-.5-.5H8V0h2Z\" \/>\n\t\t\t<\/svg>\n\t\t<\/button><\/figure>\n<\/div>\n\n\n\n<div class=\"wp-block-column is-layout-flow wp-block-column-is-layout-flow\">\n<figure data-wp-context=\"{&quot;imageId&quot;:&quot;69f4c9cd1948e&quot;}\" data-wp-interactive=\"core\/image\" data-wp-key=\"69f4c9cd1948e\" class=\"wp-block-image size-large wp-lightbox-container\"><img loading=\"lazy\" decoding=\"async\" width=\"576\" height=\"1024\" data-wp-class--hide=\"state.isContentHidden\" data-wp-class--show=\"state.isContentVisible\" data-wp-init=\"callbacks.setButtonStyles\" data-wp-on--click=\"actions.showLightbox\" data-wp-on--load=\"callbacks.setButtonStyles\" data-wp-on--pointerdown=\"actions.preloadImage\" data-wp-on--pointerenter=\"actions.preloadImageWithDelay\" data-wp-on--pointerleave=\"actions.cancelPreload\" data-wp-on-window--resize=\"callbacks.setButtonStyles\" src=\"https:\/\/mediation.eveha.fr\/wp-content\/uploads\/2025\/01\/2024-eac-ussel-1-576x1024.jpg\" alt=\"\" class=\"wp-image-3534\" style=\"aspect-ratio:4\/3;object-fit:cover\" srcset=\"https:\/\/mediation.eveha.fr\/wp-content\/uploads\/2025\/01\/2024-eac-ussel-1-576x1024.jpg 576w, https:\/\/mediation.eveha.fr\/wp-content\/uploads\/2025\/01\/2024-eac-ussel-1-169x300.jpg 169w, https:\/\/mediation.eveha.fr\/wp-content\/uploads\/2025\/01\/2024-eac-ussel-1-768x1366.jpg 768w, https:\/\/mediation.eveha.fr\/wp-content\/uploads\/2025\/01\/2024-eac-ussel-1-864x1536.jpg 864w, https:\/\/mediation.eveha.fr\/wp-content\/uploads\/2025\/01\/2024-eac-ussel-1.jpg 1028w\" sizes=\"auto, (max-width: 576px) 100vw, 576px\" \/><button\n\t\t\tclass=\"lightbox-trigger\"\n\t\t\ttype=\"button\"\n\t\t\taria-haspopup=\"dialog\"\n\t\t\tdata-wp-bind--aria-label=\"state.thisImage.triggerButtonAriaLabel\"\n\t\t\tdata-wp-init=\"callbacks.initTriggerButton\"\n\t\t\tdata-wp-on--click=\"actions.showLightbox\"\n\t\t\tdata-wp-style--right=\"state.thisImage.buttonRight\"\n\t\t\tdata-wp-style--top=\"state.thisImage.buttonTop\"\n\t\t>\n\t\t\t<svg xmlns=\"http:\/\/www.w3.org\/2000\/svg\" width=\"12\" height=\"12\" fill=\"none\" viewBox=\"0 0 12 12\">\n\t\t\t\t<path fill=\"#fff\" d=\"M2 0a2 2 0 0 0-2 2v2h1.5V2a.5.5 0 0 1 .5-.5h2V0H2Zm2 10.5H2a.5.5 0 0 1-.5-.5V8H0v2a2 2 0 0 0 2 2h2v-1.5ZM8 12v-1.5h2a.5.5 0 0 0 .5-.5V8H12v2a2 2 0 0 1-2 2H8Zm2-12a2 2 0 0 1 2 2v2h-1.5V2a.5.5 0 0 0-.5-.5H8V0h2Z\" \/>\n\t\t\t<\/svg>\n\t\t<\/button><\/figure>\n<\/div>\n<\/div>\n","protected":false},"excerpt":{"rendered":"<p>Soyons fouilles de la maternelle au CM2 ! D\u00c9TERRONS LE PASS\u00c9 Pour les maternelles cet atelier vise \u00e0 initier les tr\u00e8s jeunes enfants \u00e0 la d\u00e9couverte de l\u2019arch\u00e9ologie. Les enfants auront l&rsquo;occasion de d\u00e9finir le m\u00e9tier d\u2019arch\u00e9ologue en le comparant \u00e0 d&rsquo;autres m\u00e9tiers travaillant la terre, de comprendre les r\u00f4les des membres d\u2019une \u00e9quipe de [&hellip;]<\/p>\n","protected":false},"author":5,"featured_media":0,"parent":0,"menu_order":0,"comment_status":"closed","ping_status":"closed","template":"","meta":{"_crdt_document":"","inline_featured_image":false,"footnotes":""},"class_list":["post-3530","page","type-page","status-publish","hentry"],"_links":{"self":[{"href":"https:\/\/mediation.eveha.fr\/index.php\/wp-json\/wp\/v2\/pages\/3530","targetHints":{"allow":["GET"]}}],"collection":[{"href":"https:\/\/mediation.eveha.fr\/index.php\/wp-json\/wp\/v2\/pages"}],"about":[{"href":"https:\/\/mediation.eveha.fr\/index.php\/wp-json\/wp\/v2\/types\/page"}],"author":[{"embeddable":true,"href":"https:\/\/mediation.eveha.fr\/index.php\/wp-json\/wp\/v2\/users\/5"}],"replies":[{"embeddable":true,"href":"https:\/\/mediation.eveha.fr\/index.php\/wp-json\/wp\/v2\/comments?post=3530"}],"version-history":[{"count":6,"href":"https:\/\/mediation.eveha.fr\/index.php\/wp-json\/wp\/v2\/pages\/3530\/revisions"}],"predecessor-version":[{"id":3728,"href":"https:\/\/mediation.eveha.fr\/index.php\/wp-json\/wp\/v2\/pages\/3530\/revisions\/3728"}],"wp:attachment":[{"href":"https:\/\/mediation.eveha.fr\/index.php\/wp-json\/wp\/v2\/media?parent=3530"}],"curies":[{"name":"wp","href":"https:\/\/api.w.org\/{rel}","templated":true}]}}