{"id":3516,"date":"2025-01-08T14:22:49","date_gmt":"2025-01-08T13:22:49","guid":{"rendered":"https:\/\/mediation.eveha.fr\/?page_id=3516"},"modified":"2025-01-09T17:42:19","modified_gmt":"2025-01-09T16:42:19","slug":"etudions-un-site-archeologique","status":"publish","type":"page","link":"https:\/\/mediation.eveha.fr\/index.php\/etudions-un-site-archeologique\/","title":{"rendered":"\u00c9tudions un site arch\u00e9ologique !"},"content":{"rendered":"\n<p class=\"has-text-align-center has-base-color has-text-color has-link-color has-medium-font-size wp-elements-d9675e29def574f89b7113d771835129 wp-block-paragraph\"><\/p>\n\n\n\n<div class=\"wp-block-group alignfull has-background has-global-padding is-layout-constrained wp-block-group-is-layout-constrained\" style=\"background-color:#2bb8b3\">\n<div class=\"wp-block-group has-global-padding is-layout-constrained wp-block-group-is-layout-constrained\">\n<div class=\"wp-block-group alignfull has-global-padding is-layout-constrained wp-container-core-group-is-layout-6905ac29 wp-block-group-is-layout-constrained\">\n<div class=\"wp-block-columns alignfull has-background is-layout-flex wp-container-core-columns-is-layout-68f3161d wp-block-columns-is-layout-flex\" style=\"background-color:#2bb8b3;margin-top:0;margin-bottom:0;padding-top:0;padding-right:0;padding-bottom:0;padding-left:0\">\n<div class=\"wp-block-column is-vertically-aligned-center is-layout-flow wp-container-core-column-is-layout-2751c923 wp-block-column-is-layout-flow\" style=\"padding-top:0;padding-right:0;padding-bottom:0;padding-left:0\">\n<div style=\"height:41px\" aria-hidden=\"true\" class=\"wp-block-spacer\"><\/div>\n\n\n\n<h3 class=\"wp-block-heading has-text-align-center has-white-color has-text-color has-link-color has-large-font-size wp-elements-f7f0f522f26793870bc9e1532eaea9ff\" style=\"letter-spacing:1px;text-transform:none\"><strong>\u00c9tudions un site arch\u00e9ologique !<\/strong><\/h3>\n\n\n\n<div style=\"height:41px\" aria-hidden=\"true\" class=\"wp-block-spacer\"><\/div>\n\n\n\n<figure class=\"wp-block-image aligncenter size-full is-resized\"><img loading=\"lazy\" decoding=\"async\" width=\"1019\" height=\"768\" src=\"https:\/\/mediation.eveha.fr\/wp-content\/uploads\/2024\/12\/2024-Ermont_L.-V.-Gogh1.resized.png\" alt=\"\" class=\"wp-image-3480\" style=\"object-fit:cover;width:367px;height:auto\" srcset=\"https:\/\/mediation.eveha.fr\/wp-content\/uploads\/2024\/12\/2024-Ermont_L.-V.-Gogh1.resized.png 1019w, https:\/\/mediation.eveha.fr\/wp-content\/uploads\/2024\/12\/2024-Ermont_L.-V.-Gogh1.resized-300x226.png 300w, https:\/\/mediation.eveha.fr\/wp-content\/uploads\/2024\/12\/2024-Ermont_L.-V.-Gogh1.resized-768x579.png 768w\" sizes=\"auto, (max-width: 1019px) 100vw, 1019px\" \/><\/figure>\n<\/div>\n\n\n\n<div class=\"wp-block-column is-layout-flow wp-container-core-column-is-layout-c06199db wp-block-column-is-layout-flow\" style=\"padding-top:0;padding-right:0;padding-bottom:0;padding-left:0\">\n<div style=\"height:41px\" aria-hidden=\"true\" class=\"wp-block-spacer\"><\/div>\n\n\n\n<h4 class=\"wp-block-heading has-text-align-left has-base-color has-text-color has-link-color has-medium-font-size wp-elements-5215fd1b773b242a2256d9b297ecf86a\" style=\"text-transform:none\"><strong><strong>DEVENONS DES SP\u00c9CIALISTES DU MOBILIER<\/strong><\/strong><\/h4>\n\n\n\n<div style=\"height:41px\" aria-hidden=\"true\" class=\"wp-block-spacer\"><\/div>\n\n\n\n<p class=\"has-base-color has-text-color has-link-color wp-elements-bcb58520a36da1af593659bbca2ec1f8 wp-block-paragraph\">Dans cet atelier, <strong>les \u00e9l\u00e8ves plongeront dans le monde fascinant de l&rsquo;arch\u00e9ologie, en \u00e9tudiant les objets d\u00e9couverts sur un site fouill\u00e9<\/strong> avant la construction de l&rsquo;annexe d&rsquo;un lyc\u00e9e. <strong>Par petits groupes, les \u00e9l\u00e8ves se transformeront en v\u00e9ritables experts du mobilier<\/strong> afin d&rsquo;analyser les objets d\u00e9couverts au sein des vestiges d\u2019une<strong> <em>domus <\/em>antique et d\u2019un \u00e9tablissement rural<\/strong> : c\u00e9ramiques, ossement d&rsquo;animaux, graines carbonis\u00e9es, tesselles de mosa\u00efque et bien d&rsquo;autres objets. <\/p>\n\n\n\n<p class=\"has-base-color has-text-color has-link-color wp-elements-1d334748ef9370efb75a0ec1ed72f69b wp-block-paragraph\"><strong>Leur mission ? Identifier, trier, dessiner et photographier<\/strong> ces objets pour en d\u00e9terminer la datation, la fonction et leur lien avec les structures mises au jour.<\/p>\n\n\n\n<p class=\"has-base-color has-text-color has-link-color wp-elements-8ff35180bea07718a63b950dc3dfa1c2 wp-block-paragraph\"><strong>\u00c0 la fin de l&rsquo;atelier, chaque groupe partagera ses conclusions lors d&rsquo;une r\u00e9union de \u00ab post-fouille \u00bb.<\/strong> Un moment d&rsquo;\u00e9changes et de travail collectif qui permettront aux \u00e9l\u00e8ves de d\u00e9couvrir les m\u00e9thodes scientifique utilis\u00e9es et de mettre en communs les conclusions obtenues par nos sp\u00e9cialistes du mobilier en herbe.<\/p>\n\n\n\n<div style=\"height:41px\" aria-hidden=\"true\" class=\"wp-block-spacer\"><\/div>\n\n\n\n<ul class=\"wp-block-list has-base-color has-text-color has-link-color has-medium-font-size wp-elements-362835faf7c358494abda2aefc4b52d2\">\n<li><strong>Apprentissage et savoir-faire :<\/strong> travail d&rsquo;\u00e9quipe, esprit d&rsquo;analyse, observation, m\u00e9thodologie et esprit de synth\u00e8se<\/li>\n\n\n\n<li><strong>Dur\u00e9e cycles 3, 4 et lyc\u00e9e : <\/strong>1h30 \u00e0 2h<\/li>\n\n\n\n<li><strong>Lieu <\/strong>:<strong> <\/strong>salle de classe ou lieu d\u00e9di\u00e9 au sein de l&rsquo;\u00e9tablissement scolaire avec un espace suffisant permettant de d\u00e9ployer le mat\u00e9riel <\/li>\n\n\n\n<li><strong>Effectifs : <\/strong>classe enti\u00e8re<\/li>\n\n\n\n<li><strong>Besoins :<\/strong> tables et chaises<\/li>\n\n\n\n<li><strong>Mat\u00e9riel fourni : <\/strong> supports p\u00e9dagogiques, caisse de v\u00e9ritables mobiliers arch\u00e9ologiques, livrets, fiches m\u00e9tiers, etc.)<\/li>\n<\/ul>\n\n\n\n<div style=\"height:41px\" aria-hidden=\"true\" class=\"wp-block-spacer\"><\/div>\n<\/div>\n<\/div>\n<\/div>\n<\/div>\n<\/div>\n\n\n\n<div style=\"height:41px\" aria-hidden=\"true\" class=\"wp-block-spacer\"><\/div>\n\n\n\n<div class=\"wp-block-group has-global-padding is-layout-constrained wp-block-group-is-layout-constrained\">\n<div class=\"wp-block-columns is-layout-flex wp-container-core-columns-is-layout-b91472e3 wp-block-columns-is-layout-flex\">\n<div class=\"wp-block-column is-layout-flow wp-block-column-is-layout-flow\">\n<figure data-wp-context=\"{&quot;imageId&quot;:&quot;69f5bb7f8867f&quot;}\" data-wp-interactive=\"core\/image\" data-wp-key=\"69f5bb7f8867f\" class=\"wp-block-image size-full wp-lightbox-container\"><img loading=\"lazy\" decoding=\"async\" width=\"577\" height=\"768\" data-wp-class--hide=\"state.isContentHidden\" data-wp-class--show=\"state.isContentVisible\" data-wp-init=\"callbacks.setButtonStyles\" data-wp-on--click=\"actions.showLightbox\" data-wp-on--load=\"callbacks.setButtonStyles\" data-wp-on--pointerdown=\"actions.preloadImage\" data-wp-on--pointerenter=\"actions.preloadImageWithDelay\" data-wp-on--pointerleave=\"actions.cancelPreload\" data-wp-on-window--resize=\"callbacks.setButtonStyles\" src=\"https:\/\/mediation.eveha.fr\/wp-content\/uploads\/2024\/12\/2024-Ermont_L.-V.-Gogh3.resized.png\" alt=\"\" class=\"wp-image-3477\" srcset=\"https:\/\/mediation.eveha.fr\/wp-content\/uploads\/2024\/12\/2024-Ermont_L.-V.-Gogh3.resized.png 577w, https:\/\/mediation.eveha.fr\/wp-content\/uploads\/2024\/12\/2024-Ermont_L.-V.-Gogh3.resized-225x300.png 225w\" sizes=\"auto, (max-width: 577px) 100vw, 577px\" \/><button\n\t\t\tclass=\"lightbox-trigger\"\n\t\t\ttype=\"button\"\n\t\t\taria-haspopup=\"dialog\"\n\t\t\tdata-wp-bind--aria-label=\"state.thisImage.triggerButtonAriaLabel\"\n\t\t\tdata-wp-init=\"callbacks.initTriggerButton\"\n\t\t\tdata-wp-on--click=\"actions.showLightbox\"\n\t\t\tdata-wp-style--right=\"state.thisImage.buttonRight\"\n\t\t\tdata-wp-style--top=\"state.thisImage.buttonTop\"\n\t\t>\n\t\t\t<svg xmlns=\"http:\/\/www.w3.org\/2000\/svg\" width=\"12\" height=\"12\" fill=\"none\" viewBox=\"0 0 12 12\">\n\t\t\t\t<path fill=\"#fff\" d=\"M2 0a2 2 0 0 0-2 2v2h1.5V2a.5.5 0 0 1 .5-.5h2V0H2Zm2 10.5H2a.5.5 0 0 1-.5-.5V8H0v2a2 2 0 0 0 2 2h2v-1.5ZM8 12v-1.5h2a.5.5 0 0 0 .5-.5V8H12v2a2 2 0 0 1-2 2H8Zm2-12a2 2 0 0 1 2 2v2h-1.5V2a.5.5 0 0 0-.5-.5H8V0h2Z\" \/>\n\t\t\t<\/svg>\n\t\t<\/button><\/figure>\n<\/div>\n\n\n\n<div class=\"wp-block-column is-layout-flow wp-block-column-is-layout-flow\">\n<figure data-wp-context=\"{&quot;imageId&quot;:&quot;69f5bb7f88af1&quot;}\" data-wp-interactive=\"core\/image\" data-wp-key=\"69f5bb7f88af1\" class=\"wp-block-image size-full wp-lightbox-container\"><img loading=\"lazy\" decoding=\"async\" width=\"579\" height=\"768\" data-wp-class--hide=\"state.isContentHidden\" data-wp-class--show=\"state.isContentVisible\" data-wp-init=\"callbacks.setButtonStyles\" data-wp-on--click=\"actions.showLightbox\" data-wp-on--load=\"callbacks.setButtonStyles\" data-wp-on--pointerdown=\"actions.preloadImage\" data-wp-on--pointerenter=\"actions.preloadImageWithDelay\" data-wp-on--pointerleave=\"actions.cancelPreload\" data-wp-on-window--resize=\"callbacks.setButtonStyles\" src=\"https:\/\/mediation.eveha.fr\/wp-content\/uploads\/2024\/12\/2024-Ermont_L.-V.-Gogh2.resized.png\" alt=\"\" class=\"wp-image-3478\" srcset=\"https:\/\/mediation.eveha.fr\/wp-content\/uploads\/2024\/12\/2024-Ermont_L.-V.-Gogh2.resized.png 579w, https:\/\/mediation.eveha.fr\/wp-content\/uploads\/2024\/12\/2024-Ermont_L.-V.-Gogh2.resized-226x300.png 226w\" sizes=\"auto, (max-width: 579px) 100vw, 579px\" \/><button\n\t\t\tclass=\"lightbox-trigger\"\n\t\t\ttype=\"button\"\n\t\t\taria-haspopup=\"dialog\"\n\t\t\tdata-wp-bind--aria-label=\"state.thisImage.triggerButtonAriaLabel\"\n\t\t\tdata-wp-init=\"callbacks.initTriggerButton\"\n\t\t\tdata-wp-on--click=\"actions.showLightbox\"\n\t\t\tdata-wp-style--right=\"state.thisImage.buttonRight\"\n\t\t\tdata-wp-style--top=\"state.thisImage.buttonTop\"\n\t\t>\n\t\t\t<svg xmlns=\"http:\/\/www.w3.org\/2000\/svg\" width=\"12\" height=\"12\" fill=\"none\" viewBox=\"0 0 12 12\">\n\t\t\t\t<path fill=\"#fff\" d=\"M2 0a2 2 0 0 0-2 2v2h1.5V2a.5.5 0 0 1 .5-.5h2V0H2Zm2 10.5H2a.5.5 0 0 1-.5-.5V8H0v2a2 2 0 0 0 2 2h2v-1.5ZM8 12v-1.5h2a.5.5 0 0 0 .5-.5V8H12v2a2 2 0 0 1-2 2H8Zm2-12a2 2 0 0 1 2 2v2h-1.5V2a.5.5 0 0 0-.5-.5H8V0h2Z\" \/>\n\t\t\t<\/svg>\n\t\t<\/button><\/figure>\n<\/div>\n\n\n\n<div class=\"wp-block-column is-layout-flow wp-block-column-is-layout-flow\">\n<figure data-wp-context=\"{&quot;imageId&quot;:&quot;69f5bb7f88f27&quot;}\" data-wp-interactive=\"core\/image\" data-wp-key=\"69f5bb7f88f27\" class=\"wp-block-image size-full wp-lightbox-container\"><img loading=\"lazy\" decoding=\"async\" width=\"1019\" height=\"768\" data-wp-class--hide=\"state.isContentHidden\" data-wp-class--show=\"state.isContentVisible\" data-wp-init=\"callbacks.setButtonStyles\" data-wp-on--click=\"actions.showLightbox\" data-wp-on--load=\"callbacks.setButtonStyles\" data-wp-on--pointerdown=\"actions.preloadImage\" data-wp-on--pointerenter=\"actions.preloadImageWithDelay\" data-wp-on--pointerleave=\"actions.cancelPreload\" data-wp-on-window--resize=\"callbacks.setButtonStyles\" src=\"https:\/\/mediation.eveha.fr\/wp-content\/uploads\/2024\/12\/2024-Ermont_L.-V.-Gogh1.resized.png\" alt=\"\" class=\"wp-image-3480\" style=\"aspect-ratio:3\/4;object-fit:cover\" srcset=\"https:\/\/mediation.eveha.fr\/wp-content\/uploads\/2024\/12\/2024-Ermont_L.-V.-Gogh1.resized.png 1019w, https:\/\/mediation.eveha.fr\/wp-content\/uploads\/2024\/12\/2024-Ermont_L.-V.-Gogh1.resized-300x226.png 300w, https:\/\/mediation.eveha.fr\/wp-content\/uploads\/2024\/12\/2024-Ermont_L.-V.-Gogh1.resized-768x579.png 768w\" sizes=\"auto, (max-width: 1019px) 100vw, 1019px\" \/><button\n\t\t\tclass=\"lightbox-trigger\"\n\t\t\ttype=\"button\"\n\t\t\taria-haspopup=\"dialog\"\n\t\t\tdata-wp-bind--aria-label=\"state.thisImage.triggerButtonAriaLabel\"\n\t\t\tdata-wp-init=\"callbacks.initTriggerButton\"\n\t\t\tdata-wp-on--click=\"actions.showLightbox\"\n\t\t\tdata-wp-style--right=\"state.thisImage.buttonRight\"\n\t\t\tdata-wp-style--top=\"state.thisImage.buttonTop\"\n\t\t>\n\t\t\t<svg xmlns=\"http:\/\/www.w3.org\/2000\/svg\" width=\"12\" height=\"12\" fill=\"none\" viewBox=\"0 0 12 12\">\n\t\t\t\t<path fill=\"#fff\" d=\"M2 0a2 2 0 0 0-2 2v2h1.5V2a.5.5 0 0 1 .5-.5h2V0H2Zm2 10.5H2a.5.5 0 0 1-.5-.5V8H0v2a2 2 0 0 0 2 2h2v-1.5ZM8 12v-1.5h2a.5.5 0 0 0 .5-.5V8H12v2a2 2 0 0 1-2 2H8Zm2-12a2 2 0 0 1 2 2v2h-1.5V2a.5.5 0 0 0-.5-.5H8V0h2Z\" \/>\n\t\t\t<\/svg>\n\t\t<\/button><\/figure>\n<\/div>\n<\/div>\n<\/div>\n","protected":false},"excerpt":{"rendered":"<p>\u00c9tudions un site arch\u00e9ologique ! DEVENONS DES SP\u00c9CIALISTES DU MOBILIER Dans cet atelier, les \u00e9l\u00e8ves plongeront dans le monde fascinant de l&rsquo;arch\u00e9ologie, en \u00e9tudiant les objets d\u00e9couverts sur un site fouill\u00e9 avant la construction de l&rsquo;annexe d&rsquo;un lyc\u00e9e. Par petits groupes, les \u00e9l\u00e8ves se transformeront en v\u00e9ritables experts du mobilier afin d&rsquo;analyser les objets d\u00e9couverts [&hellip;]<\/p>\n","protected":false},"author":5,"featured_media":0,"parent":0,"menu_order":0,"comment_status":"closed","ping_status":"closed","template":"","meta":{"_crdt_document":"","inline_featured_image":false,"footnotes":""},"class_list":["post-3516","page","type-page","status-publish","hentry"],"_links":{"self":[{"href":"https:\/\/mediation.eveha.fr\/index.php\/wp-json\/wp\/v2\/pages\/3516","targetHints":{"allow":["GET"]}}],"collection":[{"href":"https:\/\/mediation.eveha.fr\/index.php\/wp-json\/wp\/v2\/pages"}],"about":[{"href":"https:\/\/mediation.eveha.fr\/index.php\/wp-json\/wp\/v2\/types\/page"}],"author":[{"embeddable":true,"href":"https:\/\/mediation.eveha.fr\/index.php\/wp-json\/wp\/v2\/users\/5"}],"replies":[{"embeddable":true,"href":"https:\/\/mediation.eveha.fr\/index.php\/wp-json\/wp\/v2\/comments?post=3516"}],"version-history":[{"count":10,"href":"https:\/\/mediation.eveha.fr\/index.php\/wp-json\/wp\/v2\/pages\/3516\/revisions"}],"predecessor-version":[{"id":3584,"href":"https:\/\/mediation.eveha.fr\/index.php\/wp-json\/wp\/v2\/pages\/3516\/revisions\/3584"}],"wp:attachment":[{"href":"https:\/\/mediation.eveha.fr\/index.php\/wp-json\/wp\/v2\/media?parent=3516"}],"curies":[{"name":"wp","href":"https:\/\/api.w.org\/{rel}","templated":true}]}}