{"id":2201,"date":"2024-03-11T15:06:47","date_gmt":"2024-03-11T14:06:47","guid":{"rendered":"https:\/\/mediationdev.eveha.fr\/?page_id=2201"},"modified":"2024-09-11T16:28:15","modified_gmt":"2024-09-11T14:28:15","slug":"credits","status":"publish","type":"page","link":"https:\/\/mediation.eveha.fr\/index.php\/credits\/","title":{"rendered":"credits"},"content":{"rendered":"\n<h2 class=\"wp-block-heading has-large-font-size\">Cr\u00e9dits :<\/h2>\n\n\n\n<p class=\"wp-block-paragraph\"><\/p>\n\n\n\n<p class=\"wp-block-paragraph\"><\/p>\n\n\n\n<p class=\"wp-block-paragraph\"><\/p>\n\n\n\n<div class=\"wp-block-columns is-layout-flex wp-container-core-columns-is-layout-ae941cbe wp-block-columns-is-layout-flex\" style=\"margin-top:0;margin-bottom:0;padding-top:0;padding-right:0;padding-bottom:0;padding-left:0\">\n<div class=\"wp-block-column is-layout-flow wp-container-core-column-is-layout-c06199db wp-block-column-is-layout-flow\" style=\"padding-top:0;padding-right:0;padding-bottom:0;padding-left:0\">\n<h2 class=\"wp-block-heading has-medium-font-size\"><strong>Cr\u00e9dits site internet<\/strong><\/h2>\n\n\n\n<div style=\"height:39px\" aria-hidden=\"true\" class=\"wp-block-spacer\"><\/div>\n\n\n\n<p class=\"wp-block-paragraph\">Site : wordpress<br>Th\u00e8me : twenty tewenty three<br>Con\u00e7u et r\u00e9alis\u00e9 par \u00c9veha<\/p>\n<\/div>\n\n\n\n<div class=\"wp-block-column is-layout-flow wp-container-core-column-is-layout-c06199db wp-block-column-is-layout-flow\" style=\"padding-top:0;padding-right:0;padding-bottom:0;padding-left:0\">\n<h2 class=\"wp-block-heading has-medium-font-size\"><strong>Cr\u00e9dits photos<\/strong><\/h2>\n\n\n\n<div style=\"height:39px\" aria-hidden=\"true\" class=\"wp-block-spacer\"><\/div>\n\n\n\n<p class=\"wp-block-paragraph\">&#8211; Les \u00e9quipes d&rsquo;\u00c9veha : <br>&#8211; Anne-Claire Misme<br>&#8211; Fran\u00e7ois Saint-L\u00e9ger<br>&#8211;\u00a0<a href=\"https:\/\/www.freepik.com\/\" target=\"_blank\" rel=\"noreferrer noopener\">Freepik<\/a>\u00a0|\u00a0<a href=\"https:\/\/unsplash.com\/\" target=\"_blank\" rel=\"noreferrer noopener\">Unsplash<\/a><\/p>\n<\/div>\n\n\n\n<div class=\"wp-block-column is-layout-flow wp-container-core-column-is-layout-c06199db wp-block-column-is-layout-flow\" style=\"padding-top:0;padding-right:0;padding-bottom:0;padding-left:0\">\n<h2 class=\"wp-block-heading has-medium-font-size\"><strong>Cr\u00e9dits ic\u00f4nes<\/strong><\/h2>\n\n\n\n<div style=\"height:39px\" aria-hidden=\"true\" class=\"wp-block-spacer\"><\/div>\n\n\n\n<p class=\"wp-block-paragraph\">Ic\u00f4nes r\u00e9alis\u00e9s par \u00c9veha<\/p>\n<\/div>\n<\/div>\n\n\n\n<p class=\"wp-block-paragraph\"><\/p>\n","protected":false},"excerpt":{"rendered":"<p>Cr\u00e9dits : Cr\u00e9dits site internet Site : wordpressTh\u00e8me : twenty tewenty threeCon\u00e7u et r\u00e9alis\u00e9 par \u00c9veha Cr\u00e9dits photos &#8211; Les \u00e9quipes d&rsquo;\u00c9veha : &#8211; Anne-Claire Misme&#8211; Fran\u00e7ois Saint-L\u00e9ger&#8211;\u00a0Freepik\u00a0|\u00a0Unsplash Cr\u00e9dits ic\u00f4nes Ic\u00f4nes r\u00e9alis\u00e9s par \u00c9veha<\/p>\n","protected":false},"author":3,"featured_media":0,"parent":0,"menu_order":0,"comment_status":"closed","ping_status":"closed","template":"","meta":{"_crdt_document":"","inline_featured_image":false,"footnotes":""},"class_list":["post-2201","page","type-page","status-publish","hentry"],"_links":{"self":[{"href":"https:\/\/mediation.eveha.fr\/index.php\/wp-json\/wp\/v2\/pages\/2201","targetHints":{"allow":["GET"]}}],"collection":[{"href":"https:\/\/mediation.eveha.fr\/index.php\/wp-json\/wp\/v2\/pages"}],"about":[{"href":"https:\/\/mediation.eveha.fr\/index.php\/wp-json\/wp\/v2\/types\/page"}],"author":[{"embeddable":true,"href":"https:\/\/mediation.eveha.fr\/index.php\/wp-json\/wp\/v2\/users\/3"}],"replies":[{"embeddable":true,"href":"https:\/\/mediation.eveha.fr\/index.php\/wp-json\/wp\/v2\/comments?post=2201"}],"version-history":[{"count":3,"href":"https:\/\/mediation.eveha.fr\/index.php\/wp-json\/wp\/v2\/pages\/2201\/revisions"}],"predecessor-version":[{"id":3241,"href":"https:\/\/mediation.eveha.fr\/index.php\/wp-json\/wp\/v2\/pages\/2201\/revisions\/3241"}],"wp:attachment":[{"href":"https:\/\/mediation.eveha.fr\/index.php\/wp-json\/wp\/v2\/media?parent=2201"}],"curies":[{"name":"wp","href":"https:\/\/api.w.org\/{rel}","templated":true}]}}